{"id":8532,"date":"2025-03-20T13:55:52","date_gmt":"2025-03-20T13:55:52","guid":{"rendered":"http:\/\/serwer395751.lh.pl\/autoinstalator\/serwer395751.lh.pl\/wordpress140666\/index.php\/contact\/"},"modified":"2025-12-10T13:57:03","modified_gmt":"2025-12-10T12:57:03","slug":"kontakt","status":"publish","type":"page","link":"https:\/\/fallinkobido.pl\/index.php\/kontakt\/","title":{"rendered":"Kontakt"},"content":{"rendered":"\n<div class=\"wp-block-group alignfull has-global-padding is-layout-constrained wp-container-core-group-is-layout-d4a7b1aa wp-block-group-is-layout-constrained\">\n<div class=\"wp-block-group alignwide is-content-justification-space-between is-nowrap is-layout-flex wp-container-core-group-is-layout-aea4f75c wp-block-group-is-layout-flex wpbbe-1\" style=\"border-bottom-color:var(--wp--preset--color--bbe-neutral-300);border-bottom-width:1px;padding-top:var(--wp--preset--spacing--bbe-150);padding-bottom:var(--wp--preset--spacing--bbe-150)\">\n<div class=\"wp-block-group alignwide wp-container-content-0733e5d0 is-vertical is-content-justification-stretch is-layout-flex wp-container-core-group-is-layout-353c4f5a wp-block-group-is-layout-flex\">\n<div class=\"wp-block-group has-global-padding is-layout-constrained wp-container-core-group-is-layout-c13cc23c wp-block-group-is-layout-constrained\">\n<h2 class=\"wp-block-heading has-bbe-title-6-font-size\" style=\"text-transform:capitalize\"><\/h2>\n\n\n\n<h3 class=\"wp-block-heading has-bbe-title-2-font-size\">Fall In Kobido <\/h3>\n\n\n\n<p>z mi\u0142o\u015bci do Kobido<\/p>\n<\/div>\n<\/div>\n\n\n\n<div class=\"wp-block-group wp-container-content-0733e5d0 is-vertical is-layout-flex wp-container-core-group-is-layout-888d7db2 wp-block-group-is-layout-flex\">\n<div class=\"wp-block-group has-global-padding is-layout-constrained wp-container-core-group-is-layout-c13cc23c wp-block-group-is-layout-constrained\">\n<p>Jeste\u015bmy tu dla Ciebie.<\/p>\n\n\n\n<p>Wybierz wygodny dla ciebie spos\u00f3b kontaktu: telefonicznie lub mailowo.<\/p>\n\n\n\n<p>Gabinet prywatny, wizyta mo\u017cliwa tylko po uprzednim um\u00f3wieniu wizyty.<\/p>\n\n\n\n<p>Ze wzgl\u0119du na trwaj\u0105ce zabiegi, telefon mo\u017ce zosta\u0107 nieodebrany, prosimy o wiadomo\u015b\u0107 SMS.<\/p>\n\n\n\n<ul class=\"wp-block-social-links has-icon-color is-style-logos-only is-layout-flex wp-block-social-links-is-layout-flex\"><li style=\"color:#3e3d3b;\" class=\"wp-social-link wp-social-link-instagram has-custom-primary-900-color wp-block-social-link\"><a rel=\"noopener nofollow\" target=\"_blank\" href=\"https:\/\/\/\" class=\"wp-block-social-link-anchor\"><svg width=\"24\" height=\"24\" viewBox=\"0 0 24 24\" version=\"1.1\" xmlns=\"http:\/\/www.w3.org\/2000\/svg\" aria-hidden=\"true\" focusable=\"false\"><path d=\"M12,4.622c2.403,0,2.688,0.009,3.637,0.052c0.877,0.04,1.354,0.187,1.671,0.31c0.42,0.163,0.72,0.358,1.035,0.673 c0.315,0.315,0.51,0.615,0.673,1.035c0.123,0.317,0.27,0.794,0.31,1.671c0.043,0.949,0.052,1.234,0.052,3.637 s-0.009,2.688-0.052,3.637c-0.04,0.877-0.187,1.354-0.31,1.671c-0.163,0.42-0.358,0.72-0.673,1.035 c-0.315,0.315-0.615,0.51-1.035,0.673c-0.317,0.123-0.794,0.27-1.671,0.31c-0.949,0.043-1.233,0.052-3.637,0.052 s-2.688-0.009-3.637-0.052c-0.877-0.04-1.354-0.187-1.671-0.31c-0.42-0.163-0.72-0.358-1.035-0.673 c-0.315-0.315-0.51-0.615-0.673-1.035c-0.123-0.317-0.27-0.794-0.31-1.671C4.631,14.688,4.622,14.403,4.622,12 s0.009-2.688,0.052-3.637c0.04-0.877,0.187-1.354,0.31-1.671c0.163-0.42,0.358-0.72,0.673-1.035 c0.315-0.315,0.615-0.51,1.035-0.673c0.317-0.123,0.794-0.27,1.671-0.31C9.312,4.631,9.597,4.622,12,4.622 M12,3 C9.556,3,9.249,3.01,8.289,3.054C7.331,3.098,6.677,3.25,6.105,3.472C5.513,3.702,5.011,4.01,4.511,4.511 c-0.5,0.5-0.808,1.002-1.038,1.594C3.25,6.677,3.098,7.331,3.054,8.289C3.01,9.249,3,9.556,3,12c0,2.444,0.01,2.751,0.054,3.711 c0.044,0.958,0.196,1.612,0.418,2.185c0.23,0.592,0.538,1.094,1.038,1.594c0.5,0.5,1.002,0.808,1.594,1.038 c0.572,0.222,1.227,0.375,2.185,0.418C9.249,20.99,9.556,21,12,21s2.751-0.01,3.711-0.054c0.958-0.044,1.612-0.196,2.185-0.418 c0.592-0.23,1.094-0.538,1.594-1.038c0.5-0.5,0.808-1.002,1.038-1.594c0.222-0.572,0.375-1.227,0.418-2.185 C20.99,14.751,21,14.444,21,12s-0.01-2.751-0.054-3.711c-0.044-0.958-0.196-1.612-0.418-2.185c-0.23-0.592-0.538-1.094-1.038-1.594 c-0.5-0.5-1.002-0.808-1.594-1.038c-0.572-0.222-1.227-0.375-2.185-0.418C14.751,3.01,14.444,3,12,3L12,3z M12,7.378 c-2.552,0-4.622,2.069-4.622,4.622S9.448,16.622,12,16.622s4.622-2.069,4.622-4.622S14.552,7.378,12,7.378z M12,15 c-1.657,0-3-1.343-3-3s1.343-3,3-3s3,1.343,3,3S13.657,15,12,15z M16.804,6.116c-0.596,0-1.08,0.484-1.08,1.08 s0.484,1.08,1.08,1.08c0.596,0,1.08-0.484,1.08-1.08S17.401,6.116,16.804,6.116z\"><\/path><\/svg><span class=\"wp-block-social-link-label screen-reader-text\">Instagram<\/span><\/a><\/li>\n\n<li style=\"color:#3e3d3b;\" class=\"wp-social-link wp-social-link-facebook has-custom-primary-900-color wp-block-social-link\"><a rel=\"noopener nofollow\" target=\"_blank\" href=\"https:\/\/\/\" class=\"wp-block-social-link-anchor\"><svg width=\"24\" height=\"24\" viewBox=\"0 0 24 24\" version=\"1.1\" xmlns=\"http:\/\/www.w3.org\/2000\/svg\" aria-hidden=\"true\" focusable=\"false\"><path d=\"M12 2C6.5 2 2 6.5 2 12c0 5 3.7 9.1 8.4 9.9v-7H7.9V12h2.5V9.8c0-2.5 1.5-3.9 3.8-3.9 1.1 0 2.2.2 2.2.2v2.5h-1.3c-1.2 0-1.6.8-1.6 1.6V12h2.8l-.4 2.9h-2.3v7C18.3 21.1 22 17 22 12c0-5.5-4.5-10-10-10z\"><\/path><\/svg><span class=\"wp-block-social-link-label screen-reader-text\">Facebook<\/span><\/a><\/li>\n\n<li style=\"color:#3e3d3b;\" class=\"wp-social-link wp-social-link-tiktok has-custom-primary-900-color wp-block-social-link\"><a rel=\"noopener nofollow\" target=\"_blank\" href=\"https:\/\/\/\" class=\"wp-block-social-link-anchor\"><svg width=\"24\" height=\"24\" viewBox=\"0 0 32 32\" version=\"1.1\" xmlns=\"http:\/\/www.w3.org\/2000\/svg\" aria-hidden=\"true\" focusable=\"false\"><path d=\"M16.708 0.027c1.745-0.027 3.48-0.011 5.213-0.027 0.105 2.041 0.839 4.12 2.333 5.563 1.491 1.479 3.6 2.156 5.652 2.385v5.369c-1.923-0.063-3.855-0.463-5.6-1.291-0.76-0.344-1.468-0.787-2.161-1.24-0.009 3.896 0.016 7.787-0.025 11.667-0.104 1.864-0.719 3.719-1.803 5.255-1.744 2.557-4.771 4.224-7.88 4.276-1.907 0.109-3.812-0.411-5.437-1.369-2.693-1.588-4.588-4.495-4.864-7.615-0.032-0.667-0.043-1.333-0.016-1.984 0.24-2.537 1.495-4.964 3.443-6.615 2.208-1.923 5.301-2.839 8.197-2.297 0.027 1.975-0.052 3.948-0.052 5.923-1.323-0.428-2.869-0.308-4.025 0.495-0.844 0.547-1.485 1.385-1.819 2.333-0.276 0.676-0.197 1.427-0.181 2.145 0.317 2.188 2.421 4.027 4.667 3.828 1.489-0.016 2.916-0.88 3.692-2.145 0.251-0.443 0.532-0.896 0.547-1.417 0.131-2.385 0.079-4.76 0.095-7.145 0.011-5.375-0.016-10.735 0.025-16.093z\" \/><\/svg><span class=\"wp-block-social-link-label screen-reader-text\">TikTok<\/span><\/a><\/li><\/ul>\n\n\n\n<p>+48 733-304-205<\/p>\n\n\n\n<p>kontakt@fallinkobido.pl<\/p>\n<\/div>\n<\/div>\n<\/div>\n<\/div>\n\n\n\n<div class=\"wp-block-group alignfull has-global-padding is-layout-constrained wp-block-group-is-layout-constrained\">\n<div class=\"wp-block-group alignwide is-content-justification-space-between is-nowrap is-layout-flex wp-container-core-group-is-layout-4edf38fe wp-block-group-is-layout-flex wpbbe-2\" style=\"border-bottom-color:var(--wp--preset--color--bbe-neutral-300);border-bottom-width:1px;padding-top:var(--wp--preset--spacing--bbe-150);padding-bottom:var(--wp--preset--spacing--bbe-150)\">\n<div class=\"wp-block-group alignwide wp-container-content-0733e5d0 is-vertical is-layout-flex wp-container-core-group-is-layout-fe9cc265 wp-block-group-is-layout-flex\">\n<div class=\"wp-block-group has-global-padding is-layout-constrained wp-container-core-group-is-layout-c13cc23c wp-block-group-is-layout-constrained\">\n<h2 class=\"wp-block-heading has-bbe-title-6-font-size\" style=\"text-transform:capitalize\"><\/h2>\n\n\n\n<h3 class=\"wp-block-heading has-bbe-title-2-font-size\">Adres i godziny otwarcia<\/h3>\n<\/div>\n<\/div>\n\n\n\n<div class=\"wp-block-group wp-container-content-0733e5d0 is-vertical is-layout-flex wp-container-core-group-is-layout-888d7db2 wp-block-group-is-layout-flex\">\n<p>Warszawa, Wilan\u00f3w &#8211; Zawady<\/p>\n\n\n\n<p>ul. S\u0105\u017cnista 8D, 02-992 Warszawa<\/p>\n\n\n\n<p>Czynne od poniedzia\u0142ku do niedzieli <\/p>\n\n\n\n<p> w godzinach: 9:00 &#8211; 23:00<\/p>\n<\/div>\n<\/div>\n<\/div>\n\n\n\n<div class=\"wp-block-group alignwide has-global-padding is-layout-constrained wp-block-group-is-layout-constrained\"><\/div>\n\n\n\n<p><\/p>\n","protected":false},"excerpt":{"rendered":"<p>Fall In Kobido z mi\u0142o\u015bci do Kobido Jeste\u015bmy tu dla Ciebie. Wybierz wygodny dla ciebie spos\u00f3b kontaktu: telefonicznie lub mailowo. Gabinet prywatny, wizyta mo\u017cliwa tylko po uprzednim um\u00f3wieniu wizyty. Ze wzgl\u0119du na trwaj\u0105ce zabiegi, telefon mo\u017ce zosta\u0107 nieodebrany, prosimy o wiadomo\u015b\u0107 SMS. +48 733-304-205 kontakt@fallinkobido.pl Adres i godziny otwarcia Warszawa, Wilan\u00f3w &#8211; Zawady ul. S\u0105\u017cnista [&hellip;]<\/p>\n","protected":false},"author":1,"featured_media":18138,"parent":0,"menu_order":70,"comment_status":"closed","ping_status":"closed","template":"wp-custom-template-canvas-with-title","meta":{"footnotes":""},"class_list":["post-8532","page","type-page","status-publish","has-post-thumbnail","hentry"],"_links":{"self":[{"href":"https:\/\/fallinkobido.pl\/index.php\/wp-json\/wp\/v2\/pages\/8532","targetHints":{"allow":["GET"]}}],"collection":[{"href":"https:\/\/fallinkobido.pl\/index.php\/wp-json\/wp\/v2\/pages"}],"about":[{"href":"https:\/\/fallinkobido.pl\/index.php\/wp-json\/wp\/v2\/types\/page"}],"author":[{"embeddable":true,"href":"https:\/\/fallinkobido.pl\/index.php\/wp-json\/wp\/v2\/users\/1"}],"replies":[{"embeddable":true,"href":"https:\/\/fallinkobido.pl\/index.php\/wp-json\/wp\/v2\/comments?post=8532"}],"version-history":[{"count":7,"href":"https:\/\/fallinkobido.pl\/index.php\/wp-json\/wp\/v2\/pages\/8532\/revisions"}],"predecessor-version":[{"id":19532,"href":"https:\/\/fallinkobido.pl\/index.php\/wp-json\/wp\/v2\/pages\/8532\/revisions\/19532"}],"wp:featuredmedia":[{"embeddable":true,"href":"https:\/\/fallinkobido.pl\/index.php\/wp-json\/wp\/v2\/media\/18138"}],"wp:attachment":[{"href":"https:\/\/fallinkobido.pl\/index.php\/wp-json\/wp\/v2\/media?parent=8532"}],"curies":[{"name":"wp","href":"https:\/\/api.w.org\/{rel}","templated":true}]}}