{"id":19551,"date":"2026-01-05T13:14:07","date_gmt":"2026-01-05T12:14:07","guid":{"rendered":"https:\/\/fallinkobido.pl\/?page_id=19551"},"modified":"2026-01-05T13:50:23","modified_gmt":"2026-01-05T12:50:23","slug":"voucher-2","status":"publish","type":"page","link":"https:\/\/fallinkobido.pl\/index.php\/voucher-2\/","title":{"rendered":"VOUCHER"},"content":{"rendered":"\n<div class=\"wp-block-group is-nowrap is-layout-flex wp-container-core-group-is-layout-6c531013 wp-block-group-is-layout-flex\">\n<p><strong>Voucher na masa\u017c Kobido<\/strong>&nbsp;to doskona\u0142y pomys\u0142 na prezent: elegancki, wyj\u0105tkowy i pe\u0142en troski. <\/p>\n<\/div>\n\n\n\n<div class=\"wp-block-group is-nowrap is-layout-flex wp-container-core-group-is-layout-6c531013 wp-block-group-is-layout-flex\">\n<p>Idealnie sprawdzi si\u0119 na urodziny, \u015bwi\u0119ta, rocznic\u0119, Dzie\u0144 Kobiet lub bez okazji, jako pi\u0119kny gest dla bliskiej osoby. <\/p>\n<\/div>\n\n\n\n<p>Podaruj relaks, naturalny lifting i chwil\u0119 prawdziwego odpr\u0119\u017cenia.<\/p>\n\n\n\n<p>Dostepny w wersji papierowej oraz elektronicznej.<\/p>\n\n\n\n<p>Wybierz zabieg lub podaruj voucher kwotowy.<\/p>\n\n\n\n<figure class=\"wp-block-image size-large\"><img loading=\"lazy\" decoding=\"async\" width=\"1024\" height=\"727\" src=\"https:\/\/fallinkobido.pl\/wp-content\/uploads\/2026\/01\/Brown-and-Black-Minimalist-Gift-Voucher-Certificate-1024x727.png\" alt=\"\" class=\"wp-image-19563\" srcset=\"https:\/\/fallinkobido.pl\/wp-content\/uploads\/2026\/01\/Brown-and-Black-Minimalist-Gift-Voucher-Certificate-1024x727.png 1024w, https:\/\/fallinkobido.pl\/wp-content\/uploads\/2026\/01\/Brown-and-Black-Minimalist-Gift-Voucher-Certificate-300x213.png 300w, https:\/\/fallinkobido.pl\/wp-content\/uploads\/2026\/01\/Brown-and-Black-Minimalist-Gift-Voucher-Certificate-768x545.png 768w, https:\/\/fallinkobido.pl\/wp-content\/uploads\/2026\/01\/Brown-and-Black-Minimalist-Gift-Voucher-Certificate-1536x1090.png 1536w, https:\/\/fallinkobido.pl\/wp-content\/uploads\/2026\/01\/Brown-and-Black-Minimalist-Gift-Voucher-Certificate.png 1748w\" sizes=\"auto, (max-width: 1024px) 100vw, 1024px\" \/><\/figure>\n\n\n\n<p><strong>Jak dokona\u0107 zakupu?<\/strong><\/p>\n\n\n\n<p>1. Wybierzesz konkretny zabieg lub kwot\u0119.<\/p>\n\n\n\n<p>2. Napisz maila na kontakt@fallinkobido.pl podaj imi\u0119 i nazwisko osoby obdarowanej oraz jej nr telefonu.<\/p>\n\n\n\n<p>3. W odpowiedzi zwrotnej otrzymasz dane do wykonania przelewu, po otrzymaniu potwierdzenia Tw\u00f3j\u00a0Voucher zostanie wys\u0142any na wskazany przez Ciebie adres e-mail. Wszystkie bony s\u0105 wa\u017cne przez rok od daty zakupu, osoba obdarowana mo\u017ce wymieni\u0107 zabieg na inny w tej samej kwocie.<\/p>\n","protected":false},"excerpt":{"rendered":"<p>Voucher na masa\u017c Kobido&nbsp;to doskona\u0142y pomys\u0142 na prezent: elegancki, wyj\u0105tkowy i pe\u0142en troski. Idealnie sprawdzi si\u0119 na urodziny, \u015bwi\u0119ta, rocznic\u0119, Dzie\u0144 Kobiet lub bez okazji, jako pi\u0119kny gest dla bliskiej osoby. Podaruj relaks, naturalny lifting i chwil\u0119 prawdziwego odpr\u0119\u017cenia. Dostepny w wersji papierowej oraz elektronicznej. Wybierz zabieg lub podaruj voucher kwotowy. Jak dokona\u0107 zakupu? 1. [&hellip;]<\/p>\n","protected":false},"author":1,"featured_media":0,"parent":0,"menu_order":0,"comment_status":"closed","ping_status":"closed","template":"","meta":{"footnotes":""},"class_list":["post-19551","page","type-page","status-publish","hentry"],"_links":{"self":[{"href":"https:\/\/fallinkobido.pl\/index.php\/wp-json\/wp\/v2\/pages\/19551","targetHints":{"allow":["GET"]}}],"collection":[{"href":"https:\/\/fallinkobido.pl\/index.php\/wp-json\/wp\/v2\/pages"}],"about":[{"href":"https:\/\/fallinkobido.pl\/index.php\/wp-json\/wp\/v2\/types\/page"}],"author":[{"embeddable":true,"href":"https:\/\/fallinkobido.pl\/index.php\/wp-json\/wp\/v2\/users\/1"}],"replies":[{"embeddable":true,"href":"https:\/\/fallinkobido.pl\/index.php\/wp-json\/wp\/v2\/comments?post=19551"}],"version-history":[{"count":4,"href":"https:\/\/fallinkobido.pl\/index.php\/wp-json\/wp\/v2\/pages\/19551\/revisions"}],"predecessor-version":[{"id":19567,"href":"https:\/\/fallinkobido.pl\/index.php\/wp-json\/wp\/v2\/pages\/19551\/revisions\/19567"}],"wp:attachment":[{"href":"https:\/\/fallinkobido.pl\/index.php\/wp-json\/wp\/v2\/media?parent=19551"}],"curies":[{"name":"wp","href":"https:\/\/api.w.org\/{rel}","templated":true}]}}