{"id":15964,"date":"2025-09-05T07:53:22","date_gmt":"2025-09-05T07:53:22","guid":{"rendered":"http:\/\/serwer395751.lh.pl\/autoinstalator\/serwer395751.lh.pl\/wordpress140666\/index.php\/services-01\/men\/"},"modified":"2025-12-10T12:33:53","modified_gmt":"2025-12-10T11:33:53","slug":"masaztransbualny","status":"publish","type":"page","link":"https:\/\/fallinkobido.pl\/index.php\/fallinkobido\/oferta\/masaztransbualny\/","title":{"rendered":"Masa\u017c transbukalny"},"content":{"rendered":"\n<div class=\"wp-block-group alignfull has-global-padding is-layout-constrained wp-block-group-is-layout-constrained\">\n<div class=\"wp-block-group alignwide is-content-justification-space-between is-nowrap is-layout-flex wp-container-core-group-is-layout-4edf38fe wp-block-group-is-layout-flex wpbbe-1\" style=\"padding-top:var(--wp--preset--spacing--bbe-150);padding-bottom:var(--wp--preset--spacing--bbe-150)\">\n<div class=\"wp-block-group alignwide wp-container-content-0733e5d0 is-vertical is-content-justification-stretch is-layout-flex wp-container-core-group-is-layout-353c4f5a wp-block-group-is-layout-flex\">\n<div class=\"wp-block-group has-global-padding is-layout-constrained wp-container-core-group-is-layout-c13cc23c wp-block-group-is-layout-constrained\">\n<h2 class=\"wp-block-heading has-bbe-title-6-font-size\" style=\"text-transform:capitalize\">MASA\u017b TRANSBUKALNY<\/h2>\n\n\n\n<h3 class=\"wp-block-heading has-bbe-title-2-font-size\">Dzi\u0119ki pracy w g\u0142\u0119bokich warstwach masa\u017c poprawia kontur twarzy, wyg\u0142adza rysy i przywraca naturaln\u0105 lekko\u015b\u0107 tkanek.<\/h3>\n<\/div>\n<\/div>\n\n\n\n<div class=\"wp-block-group wp-container-content-0733e5d0 is-vertical is-layout-flex wp-container-core-group-is-layout-fe9cc265 wp-block-group-is-layout-flex\">\n<div class=\"wp-block-group has-global-padding is-layout-constrained wp-block-group-is-layout-constrained\">\n<p><strong>Czym jest masa\u017c transbukalny?<\/strong><\/p>\n\n\n\n<p>Masa\u017c transbukalny to technika pracy, w kt\u00f3rej terapeuta dociera do mi\u0119\u015bni policzk\u00f3w od wewn\u0119trznej strony jamy ustnej. To miejsce gdzie najcz\u0119\u015bciej gromadz\u0105 si\u0119 napi\u0119cia odpowiedzialne za rysy twarzy, asymetri\u0119 czy zaciskanie szcz\u0119ki.<\/p>\n\n\n\n<p><strong>Na czym polega?<\/strong><\/p>\n\n\n\n<p>To praca na zewn\u0119trznej i wewn\u0119trznej stronie policzk\u00f3w, dzi\u0119ki specjalnej technice mo\u017cna precyzyjnie rozlu\u017ania mi\u0119\u015bnie policzk\u00f3w i \u017cwacze. <\/p>\n\n\n\n<p><strong>Efekt?<\/strong><\/p>\n\n\n\n<p>Uwolnienie napi\u0119cia wp\u0142ywaj\u0105cy na b\u00f3l g\u0142owy czy szcz\u0119ki, wyg\u0142adza rysy, bruzdy, nadaje twarzy l\u017cejszy, bardziej naturalny wygl\u0105d.<\/p>\n<\/div>\n<\/div>\n<\/div>\n<\/div>\n\n\n\n<div class=\"wp-block-group alignfull has-bbe-primary-200-background-color has-background is-content-justification-space-between is-nowrap is-layout-flex wp-container-core-group-is-layout-16b91ca5 wp-block-group-is-layout-flex wpbbe-3\" style=\"min-height:66vh;padding-right:0;padding-left:0\">\n<div class=\"wp-block-group wp-container-content-0733e5d0 is-vertical is-content-justification-stretch is-layout-flex wp-container-core-group-is-layout-0cd4c034 wp-block-group-is-layout-flex\" style=\"padding-top:var(--wp--preset--spacing--bbe-150);padding-right:5vw;padding-bottom:var(--wp--preset--spacing--bbe-150);padding-left:5vw\">\n<div class=\"wp-block-group alignwide has-global-padding is-layout-constrained wp-container-core-group-is-layout-49e1bb92 wp-block-group-is-layout-constrained\">\n<h2 class=\"wp-block-heading has-text-align-center\" style=\"text-transform:capitalize\"><\/h2>\n\n\n\n<p class=\"has-text-align-center has-bbe-neutral-800-color has-text-color has-link-color wp-elements-e2ecf0e591735239c1e2ebc587a271f3\">Um\u00f3w si\u0119 ju\u017c dzi\u015b<\/p>\n\n\n\n<div class=\"wp-block-group has-global-padding is-layout-constrained wp-container-core-group-is-layout-bd900772 wp-block-group-is-layout-constrained\">\n<div class=\"wp-block-buttons is-horizontal is-content-justification-center is-layout-flex wp-container-core-buttons-is-layout-337d9539 wp-block-buttons-is-layout-flex\">\n<div style=\"; --wp-block-button--hover-text: var(--wp--preset--color--bbe-neutral-000);; --wp-block-button--hover-background: var(--wp--preset--color--bbe-primary-600);\" class=\"wp-block-button has-custom-width wp-block-button__width-100 is-style-style-3 is-style-style-3--1 has-hover-text has-hover-background\"><a class=\"wp-block-button__link wp-element-button\" href=\"https:\/\/fallinkobido.booksy.com\/a\/\">zarezerwuj wizyt\u0119<\/a><\/div>\n<\/div>\n<\/div>\n<\/div>\n<\/div>\n\n\n\n<div class=\"wp-block-group has-bbe-neutral-200-background-color has-background wp-container-content-0733e5d0 is-vertical is-content-justification-stretch is-layout-flex wp-container-core-group-is-layout-44775fe5 wp-block-group-is-layout-flex wpbbe-2\" style=\"padding-top:0;padding-right:0;padding-bottom:0;padding-left:0;background-image:url(&apos;https:\/\/fallinkobido.plwp-content\/uploads\/2025\/10\/Slide-1_1-_-16.webp&apos;);background-position:50% 50%;background-size:cover;\">\n<div style=\"height:10px\" aria-hidden=\"true\" class=\"wp-block-spacer wp-container-content-b0b89ccb\"><\/div>\n\n\n\n<figure class=\"wp-block-image size-large\"><img loading=\"lazy\" decoding=\"async\" width=\"644\" height=\"1024\" src=\"https:\/\/fallinkobido.pl\/wp-content\/uploads\/2025\/11\/IMG_4835-644x1024.jpeg\" alt=\"\" class=\"wp-image-19364\" srcset=\"https:\/\/fallinkobido.pl\/wp-content\/uploads\/2025\/11\/IMG_4835-644x1024.jpeg 644w, https:\/\/fallinkobido.pl\/wp-content\/uploads\/2025\/11\/IMG_4835-189x300.jpeg 189w, https:\/\/fallinkobido.pl\/wp-content\/uploads\/2025\/11\/IMG_4835-768x1221.jpeg 768w, https:\/\/fallinkobido.pl\/wp-content\/uploads\/2025\/11\/IMG_4835-966x1536.jpeg 966w, https:\/\/fallinkobido.pl\/wp-content\/uploads\/2025\/11\/IMG_4835-1288x2048.jpeg 1288w, https:\/\/fallinkobido.pl\/wp-content\/uploads\/2025\/11\/IMG_4835-scaled.jpeg 1611w\" sizes=\"auto, (max-width: 644px) 100vw, 644px\" \/><\/figure>\n<\/div>\n<\/div>\n","protected":false},"excerpt":{"rendered":"<p>MASA\u017b TRANSBUKALNY Dzi\u0119ki pracy w g\u0142\u0119bokich warstwach masa\u017c poprawia kontur twarzy, wyg\u0142adza rysy i przywraca naturaln\u0105 lekko\u015b\u0107 tkanek. Czym jest masa\u017c transbukalny? Masa\u017c transbukalny to technika pracy, w kt\u00f3rej terapeuta dociera do mi\u0119\u015bni policzk\u00f3w od wewn\u0119trznej strony jamy ustnej. To miejsce gdzie najcz\u0119\u015bciej gromadz\u0105 si\u0119 napi\u0119cia odpowiedzialne za rysy twarzy, asymetri\u0119 czy zaciskanie szcz\u0119ki. Na [&hellip;]<\/p>\n","protected":false},"author":1,"featured_media":18103,"parent":1068,"menu_order":0,"comment_status":"closed","ping_status":"closed","template":"wp-custom-template-canvas-with-title","meta":{"footnotes":""},"class_list":["post-15964","page","type-page","status-publish","has-post-thumbnail","hentry"],"_links":{"self":[{"href":"https:\/\/fallinkobido.pl\/index.php\/wp-json\/wp\/v2\/pages\/15964","targetHints":{"allow":["GET"]}}],"collection":[{"href":"https:\/\/fallinkobido.pl\/index.php\/wp-json\/wp\/v2\/pages"}],"about":[{"href":"https:\/\/fallinkobido.pl\/index.php\/wp-json\/wp\/v2\/types\/page"}],"author":[{"embeddable":true,"href":"https:\/\/fallinkobido.pl\/index.php\/wp-json\/wp\/v2\/users\/1"}],"replies":[{"embeddable":true,"href":"https:\/\/fallinkobido.pl\/index.php\/wp-json\/wp\/v2\/comments?post=15964"}],"version-history":[{"count":4,"href":"https:\/\/fallinkobido.pl\/index.php\/wp-json\/wp\/v2\/pages\/15964\/revisions"}],"predecessor-version":[{"id":19522,"href":"https:\/\/fallinkobido.pl\/index.php\/wp-json\/wp\/v2\/pages\/15964\/revisions\/19522"}],"up":[{"embeddable":true,"href":"https:\/\/fallinkobido.pl\/index.php\/wp-json\/wp\/v2\/pages\/1068"}],"wp:featuredmedia":[{"embeddable":true,"href":"https:\/\/fallinkobido.pl\/index.php\/wp-json\/wp\/v2\/media\/18103"}],"wp:attachment":[{"href":"https:\/\/fallinkobido.pl\/index.php\/wp-json\/wp\/v2\/media?parent=15964"}],"curies":[{"name":"wp","href":"https:\/\/api.w.org\/{rel}","templated":true}]}}