{"id":15122,"date":"2025-08-22T07:31:38","date_gmt":"2025-08-22T07:31:38","guid":{"rendered":"http:\/\/serwer395751.lh.pl\/autoinstalator\/serwer395751.lh.pl\/wordpress140666\/index.php\/services-01\/nail-care\/"},"modified":"2026-04-14T12:50:04","modified_gmt":"2026-04-14T10:50:04","slug":"headspa","status":"publish","type":"page","link":"https:\/\/fallinkobido.pl\/index.php\/fallinkobido\/oferta\/headspa\/","title":{"rendered":"Head Spa"},"content":{"rendered":"\n<div class=\"wp-block-group alignfull has-global-padding is-layout-constrained wp-block-group-is-layout-constrained\">\n<div class=\"wp-block-group alignwide is-content-justification-space-between is-nowrap is-layout-flex wp-container-core-group-is-layout-4edf38fe wp-block-group-is-layout-flex wpbbe-1\" style=\"padding-top:var(--wp--preset--spacing--bbe-150);padding-bottom:var(--wp--preset--spacing--bbe-150)\">\n<div class=\"wp-block-group alignwide wp-container-content-0733e5d0 is-vertical is-content-justification-stretch is-layout-flex wp-container-core-group-is-layout-353c4f5a wp-block-group-is-layout-flex\">\n<div class=\"wp-block-group has-global-padding is-layout-constrained wp-container-core-group-is-layout-c13cc23c wp-block-group-is-layout-constrained\">\n<h3 class=\"wp-block-heading has-bbe-title-2-font-size\">HEAD SPA TO INNY WYMIAR RELAKSU. SZUM WODY, MASA\u017b G\u0141OWY I OTULAJ\u0104CO -RELAKSUJ\u0104CY DOTYK.<\/h3>\n<\/div>\n<\/div>\n\n\n\n<div class=\"wp-block-group wp-container-content-0733e5d0 is-vertical is-layout-flex wp-container-core-group-is-layout-fe9cc265 wp-block-group-is-layout-flex\">\n<div class=\"wp-block-group has-global-padding is-layout-constrained wp-block-group-is-layout-constrained\">\n<p><strong>Rytua\u0142 Head Spa<\/strong>&nbsp;to wieloetapowy rytua\u0142&nbsp;<em>piel\u0119gnacyjno -relaksacyjny<\/em>&nbsp;sk\u00f3ry g\u0142owy i w\u0142os\u00f3w.<\/p>\n\n\n\n<p>To nie tylko zabieg, ale chwila relaksu, oddechu i spokoju, niesamowite do\u015bwiadczenie i odpr\u0119\u017cenie \u0142\u0105cz\u0105c\u0119 w sobie oczyszczenie sk\u00f3ry g\u0142owy i zadbanie o w\u0142osy.<\/p>\n\n\n\n<p><strong>Efekt:<\/strong><\/p>\n\n\n\n<p>g\u0142\u0119boki relaks i redukcja stresu<\/p>\n\n\n\n<p>oczyszczenie sk\u00f3ry g\u0142owy<\/p>\n\n\n\n<p>poprawa mikrokr\u0105\u017cenia i dotlenienie cebulek<\/p>\n\n\n\n<p>wsparcie przy problemach takich jak \u0142upie\u017c sw\u0119dzenie, przet\u0142uszczanie<\/p>\n\n\n\n<p>poprawa kondycji i wygl\u0105du w\u0142os\u00f3w<\/p>\n<\/div>\n<\/div>\n<\/div>\n<\/div>\n\n\n\n<div class=\"wp-block-group alignfull has-global-padding is-layout-constrained wp-container-core-group-is-layout-19e250f3 wp-block-group-is-layout-constrained\">\n<div class=\"wp-block-cover alignfull\"><img loading=\"lazy\" decoding=\"async\" width=\"1024\" height=\"561\" class=\"wp-block-cover__image-background wp-image-18140\" alt=\"\" src=\"https:\/\/fallinkobido.pl\/wp-content\/uploads\/2025\/05\/Slide-16_9-_-6-1024x561.webp\" data-object-fit=\"cover\" srcset=\"https:\/\/fallinkobido.pl\/wp-content\/uploads\/2025\/05\/Slide-16_9-_-6-1024x561.webp 1024w, https:\/\/fallinkobido.pl\/wp-content\/uploads\/2025\/05\/Slide-16_9-_-6-300x164.webp 300w, https:\/\/fallinkobido.pl\/wp-content\/uploads\/2025\/05\/Slide-16_9-_-6-768x421.webp 768w, https:\/\/fallinkobido.pl\/wp-content\/uploads\/2025\/05\/Slide-16_9-_-6-1536x842.webp 1536w, https:\/\/fallinkobido.pl\/wp-content\/uploads\/2025\/05\/Slide-16_9-_-6-2048x1122.webp 2048w\" sizes=\"auto, (max-width: 1024px) 100vw, 1024px\" \/><span aria-hidden=\"true\" class=\"wp-block-cover__background has-background-dim\"><\/span><div class=\"wp-block-cover__inner-container is-layout-flow wp-block-cover-is-layout-flow\">\n<p class=\"has-text-align-center has-large-font-size\">G\u0141\u0118BOKI RYTUA\u0141 HARMONII<\/p>\n<\/div><\/div>\n\n\n\n<div class=\"wp-block-group alignwide is-content-justification-space-between is-nowrap is-layout-flex wp-container-core-group-is-layout-aea4f75c wp-block-group-is-layout-flex wpbbe-2\" style=\"border-top-color:var(--wp--preset--color--bbe-neutral-300);border-top-width:1px;padding-top:var(--wp--preset--spacing--bbe-150);padding-bottom:var(--wp--preset--spacing--bbe-150)\">\n<div class=\"wp-block-group wp-container-content-0733e5d0 is-vertical is-content-justification-stretch is-layout-flex wp-container-core-group-is-layout-d64b8eb1 wp-block-group-is-layout-flex\">\n<h2 class=\"wp-block-heading\">G\u0141\u0118BOKI RYTUA\u0141 HARMONII <\/h2>\n\n\n\n<p>Rytua\u0142 piel\u0119gnacyjno &#8211; relaksacyjny sk\u0142ada si\u0119 na:<\/p>\n\n\n\n<p>1. Zio\u0142ow\u0105 herbatka i s\u0142odki pocz\u0119stunek.<\/p>\n\n\n\n<p>2. <strong>Masa\u017c g\u0142owy, szyi, dekoltu, ramion, karku i twarzy<\/strong>&#8211; manualnie oraz specjalnymi narz\u0119dziami stymuluj\u0105cymi kr\u0105\u017cenie i oczyszczenie sk\u00f3ry g\u0142owy.<\/p>\n\n\n\n<p>3. Kremowy&nbsp;<strong>peeling enzymatyczny sk\u00f3ry g\u0142owy<\/strong>&nbsp;&#8211; z kwasem szikimowym, delikatnie oczyszcza sk\u00f3r\u0119 g\u0142owy, zmi\u0119kcza wi\u0105zania mi\u0119dzy kom\u00f3rkowe i pomaga w z\u0142uszczaniu martwego nask\u00f3rka.<\/p>\n\n\n\n<p>4. Hydromasa\u017c.<\/p>\n\n\n\n<p>5. Odpr\u0119\u017caj\u0105ce mycie w\u0142os\u00f3w naturalnymi, profesjonalnymi i nawil\u017caj\u0105cymi kosmetykami OWAY.<\/p>\n\n\n\n<p>7. Enzymatyczny peeling twarzy.<\/p>\n\n\n\n<p>8. <strong>Maska na twarz HYDROJELLY<\/strong>&nbsp;&#8211; silne nawil\u017cenie i od\u017cywienie.<\/p>\n\n\n\n<p>9. Silnie&nbsp;<strong>nawil\u017caj\u0105ca maska do w\u0142os\u00f3w<\/strong>&nbsp;w po\u0142\u0105czeniu z&nbsp;<em><strong>aromatyczn\u0105 saun\u0105<\/strong><\/em>&nbsp;na w\u0142osy.<\/p>\n\n\n\n<p>10. Masa\u017c d\u0142oni.<\/p>\n\n\n\n<p>11. Suszenie w\u0142os\u00f3w.<\/p>\n<\/div>\n\n\n\n<div class=\"wp-block-group wp-container-content-0733e5d0 is-vertical is-content-justification-stretch is-layout-flex wp-container-core-group-is-layout-69c550ab wp-block-group-is-layout-flex\">\n<div class=\"wp-block-group is-content-justification-space-between is-nowrap is-layout-flex wp-container-core-group-is-layout-225e81c0 wp-block-group-is-layout-flex\" style=\"border-bottom-color:var(--wp--preset--color--bbe-neutral-300);border-bottom-style:solid;border-bottom-width:1px;padding-top:var(--wp--preset--spacing--bbe-40);padding-bottom:var(--wp--preset--spacing--bbe-40)\">\n<p>G\u0142\u0119boki Rytua\u0142 Harmonii &#8211; nawil\u017cenie<\/p>\n\n\n\n<p class=\"has-text-align-right wpbbe__flex-item-prevent-shrinking\">350,00 z\u0142<\/p>\n<\/div>\n<\/div>\n<\/div>\n\n\n\n<div class=\"wp-block-cover alignfull\"><img loading=\"lazy\" decoding=\"async\" width=\"1024\" height=\"561\" class=\"wp-block-cover__image-background wp-image-18139\" alt=\"\" src=\"https:\/\/fallinkobido.pl\/wp-content\/uploads\/2025\/10\/Slide-16_9-_-5-1024x561.webp\" data-object-fit=\"cover\" srcset=\"https:\/\/fallinkobido.pl\/wp-content\/uploads\/2025\/10\/Slide-16_9-_-5-1024x561.webp 1024w, https:\/\/fallinkobido.pl\/wp-content\/uploads\/2025\/10\/Slide-16_9-_-5-300x164.webp 300w, https:\/\/fallinkobido.pl\/wp-content\/uploads\/2025\/10\/Slide-16_9-_-5-768x421.webp 768w, https:\/\/fallinkobido.pl\/wp-content\/uploads\/2025\/10\/Slide-16_9-_-5-1536x842.webp 1536w, https:\/\/fallinkobido.pl\/wp-content\/uploads\/2025\/10\/Slide-16_9-_-5-2048x1122.webp 2048w\" sizes=\"auto, (max-width: 1024px) 100vw, 1024px\" \/><span aria-hidden=\"true\" class=\"wp-block-cover__background has-background-dim\"><\/span><div class=\"wp-block-cover__inner-container is-layout-flow wp-block-cover-is-layout-flow\">\n<p class=\"has-text-align-center has-large-font-size\">WIOSENNE WYCISZENIE HEAD SPA<\/p>\n<\/div><\/div>\n\n\n\n<div class=\"wp-block-group alignwide is-content-justification-space-between is-nowrap is-layout-flex wp-container-core-group-is-layout-aea4f75c wp-block-group-is-layout-flex wpbbe-3\" style=\"border-top-color:var(--wp--preset--color--bbe-neutral-300);border-top-width:1px;padding-top:var(--wp--preset--spacing--bbe-150);padding-bottom:var(--wp--preset--spacing--bbe-150)\">\n<div class=\"wp-block-group wp-container-content-0733e5d0 is-vertical is-content-justification-stretch is-layout-flex wp-container-core-group-is-layout-d64b8eb1 wp-block-group-is-layout-flex\">\n<h2 class=\"wp-block-heading\">WIOSENNE WYCISZENIE<\/h2>\n\n\n\n<p>Rytua\u0142 piel\u0119gnacyjno &#8211; relaksacyjny sk\u0142ada si\u0119 na:<\/p>\n\n\n\n<p>1. Zio\u0142owa herbatka i s\u0142odki pocz\u0119stunek.<\/p>\n\n\n\n<p>2. Wyciszaj\u0105ca muzyka deszczu w otulaj\u0105cym zapachu.<\/p>\n\n\n\n<p>3. Rytua\u0142 rozpoczyna si\u0119 od masa\u017c g\u0142owy Shiro Abhyanga, podczas, kt\u00f3rego <strong>olejowanie jest sk\u00f3ra g\u0142owy<\/strong> specjalnym olejkiem ajurwedyjskie, kt\u00f3ry stymuluje sk\u00f3r\u0119 g\u0142owy, pobudza kr\u0105\u017cenie i wzrost w\u0142osa.<\/p>\n\n\n\n<p>4.<strong>Nast\u0119pnie rozpoczyna si\u0119 masa\u017c g\u0142owy, szyi, dekoltu, ramion, karku i twarzy<\/strong>&#8211; manualnie oraz specjalnymi narz\u0119dziami stymuluj\u0105cymi kr\u0105\u017cenie i oczyszczenie sk\u00f3ry g\u0142owy.<\/p>\n\n\n\n<p>5. Hydromasa\u017c.<\/p>\n\n\n\n<p>6. Odpr\u0119\u017caj\u0105ce mycie w\u0142os\u00f3w naturalnymi, profesjonalnymi i nawil\u017caj\u0105cymi kosmetykami OWAY.<\/p>\n\n\n\n<p>7. Enzymatyczny peeling twarzy.<\/p>\n\n\n\n<p>8. <strong>Maska na twarz HYDROJELLY<\/strong>&nbsp;&#8211; silne nawil\u017cenie i od\u017cywienie.<\/p>\n\n\n\n<p>9. Silnie&nbsp;<strong>nawil\u017caj\u0105ca maska do w\u0142os\u00f3w<\/strong>&nbsp;w po\u0142\u0105czeniu z&nbsp;<em><strong>aromatyczn\u0105 saun\u0105<\/strong><\/em>&nbsp;na w\u0142osy.<\/p>\n\n\n\n<p>10. Masa\u017c d\u0142oni.<\/p>\n\n\n\n<p>11. Suszenie w\u0142os\u00f3w.<\/p>\n<\/div>\n\n\n\n<div class=\"wp-block-group wp-container-content-0733e5d0 is-vertical is-content-justification-stretch is-layout-flex wp-container-core-group-is-layout-69c550ab wp-block-group-is-layout-flex\">\n<div class=\"wp-block-group is-content-justification-space-between is-nowrap is-layout-flex wp-container-core-group-is-layout-225e81c0 wp-block-group-is-layout-flex\" style=\"border-bottom-color:var(--wp--preset--color--bbe-neutral-300);border-bottom-style:solid;border-bottom-width:1px;padding-top:var(--wp--preset--spacing--bbe-40);padding-bottom:var(--wp--preset--spacing--bbe-40)\">\n<p>Wiosenne wyciszenie &#8211; ajurwedyjskie olejowanie w\u0142os\u00f3w<\/p>\n\n\n\n<p class=\"has-text-align-right wpbbe__flex-item-prevent-shrinking\">450,00 z\u0142<\/p>\n<\/div>\n<\/div>\n<\/div>\n\n\n\n<div class=\"wp-block-cover alignfull\"><img loading=\"lazy\" decoding=\"async\" width=\"1024\" height=\"512\" class=\"wp-block-cover__image-background wp-image-17971\" alt=\"\" src=\"https:\/\/fallinkobido.pl\/wp-content\/uploads\/2025\/10\/Slide-2_-1-1--1024x512.webp\" data-object-fit=\"cover\" srcset=\"https:\/\/fallinkobido.pl\/wp-content\/uploads\/2025\/10\/Slide-2_-1-1--1024x512.webp 1024w, https:\/\/fallinkobido.pl\/wp-content\/uploads\/2025\/10\/Slide-2_-1-1--300x150.webp 300w, https:\/\/fallinkobido.pl\/wp-content\/uploads\/2025\/10\/Slide-2_-1-1--768x384.webp 768w, https:\/\/fallinkobido.pl\/wp-content\/uploads\/2025\/10\/Slide-2_-1-1--1536x768.webp 1536w, https:\/\/fallinkobido.pl\/wp-content\/uploads\/2025\/10\/Slide-2_-1-1--2048x1024.webp 2048w\" sizes=\"auto, (max-width: 1024px) 100vw, 1024px\" \/><span aria-hidden=\"true\" class=\"wp-block-cover__background has-background-dim\"><\/span><div class=\"wp-block-cover__inner-container is-layout-flow wp-block-cover-is-layout-flow\">\n<p class=\"has-text-align-center has-large-font-size\">CEREMONIA SPOKOJU Z MASA\u017bEM KOBIDO<\/p>\n<\/div><\/div>\n\n\n\n<div class=\"wp-block-group alignwide is-content-justification-space-between is-nowrap is-layout-flex wp-container-core-group-is-layout-aea4f75c wp-block-group-is-layout-flex wpbbe-4\" style=\"border-top-color:var(--wp--preset--color--bbe-neutral-300);border-top-width:1px;padding-top:var(--wp--preset--spacing--bbe-150);padding-bottom:var(--wp--preset--spacing--bbe-150)\">\n<div class=\"wp-block-group wp-container-content-0733e5d0 is-vertical is-content-justification-stretch is-layout-flex wp-container-core-group-is-layout-d64b8eb1 wp-block-group-is-layout-flex\">\n<h2 class=\"wp-block-heading\">CEREMONIA SPOKOJU Z MASA\u017bEM KOBIDO<\/h2>\n\n\n\n<p>Rytua\u0142 piel\u0119gnacyjno &#8211; relaksacyjny sk\u0142ada si\u0119 na:<\/p>\n\n\n\n<p>1. Zio\u0142owa herbatka i s\u0142odki pocz\u0119stunek.<\/p>\n\n\n\n<p>2. <strong>Masa\u017c g\u0142owy, szyi, dekoltu, ramion, karku i twarzy<\/strong>&#8211; manualnie oraz specjalnymi narz\u0119dziami stymuluj\u0105cymi kr\u0105\u017cenie i oczyszczenie sk\u00f3ry g\u0142owy.<\/p>\n\n\n\n<p>3. Trychopeeling sk\u00f3ry g\u0142owy &#8211; dok\u0142adne i dog\u0142\u0119bne oczyszczenie sk\u00f3ry g\u0142owy.<\/p>\n\n\n\n<p>4. Hydromasa\u017c.<\/p>\n\n\n\n<p>5. Odpr\u0119\u017caj\u0105ce mycie w\u0142os\u00f3w naturalnymi, profesjonalnymi i nawil\u017caj\u0105cymi kosmetykami OWAY.<\/p>\n\n\n\n<p>6. enzymatyczny peeling twarzy<\/p>\n\n\n\n<p>7. <em><strong>Maska na twarz HYDROJELLY<\/strong>&nbsp;&#8211; silne nawil\u017cenie i od\u017cywienie.<\/em><\/p>\n\n\n\n<p>8. Liftinguj\u0105cy masa\u017c twarzy Kobido.<\/p>\n\n\n\n<p>9. Silnie&nbsp;<strong>nawil\u017caj\u0105ca maska do w\u0142os\u00f3w<\/strong>&nbsp;w po\u0142\u0105czeniu z&nbsp;<em><strong>aromatyczn\u0105 saun\u0105<\/strong><\/em>&nbsp;na w\u0142osy.<\/p>\n\n\n\n<p>10. Masa\u017c d\u0142oni.<\/p>\n\n\n\n<p>11. Suszenie w\u0142os\u00f3w.<\/p>\n<\/div>\n\n\n\n<div class=\"wp-block-group wp-container-content-0733e5d0 is-vertical is-content-justification-stretch is-layout-flex wp-container-core-group-is-layout-69c550ab wp-block-group-is-layout-flex\">\n<div class=\"wp-block-group is-content-justification-space-between is-nowrap is-layout-flex wp-container-core-group-is-layout-225e81c0 wp-block-group-is-layout-flex\" style=\"border-bottom-color:var(--wp--preset--color--bbe-neutral-300);border-bottom-style:solid;border-bottom-width:1px;padding-top:var(--wp--preset--spacing--bbe-40);padding-bottom:var(--wp--preset--spacing--bbe-40)\">\n<p>Ceremonia spokoju z masa\u017cem Kobido<\/p>\n\n\n\n<p class=\"has-text-align-right wpbbe__flex-item-prevent-shrinking\">500,00 z\u0142<\/p>\n<\/div>\n<\/div>\n<\/div>\n<\/div>\n\n\n\n<div class=\"wp-block-group alignfull has-bbe-primary-200-background-color has-background is-content-justification-space-between is-nowrap is-layout-flex wp-container-core-group-is-layout-16b91ca5 wp-block-group-is-layout-flex wpbbe-6\" style=\"min-height:66vh;padding-right:0;padding-left:0\">\n<div class=\"wp-block-group wp-container-content-0733e5d0 is-vertical is-content-justification-stretch is-layout-flex wp-container-core-group-is-layout-0cd4c034 wp-block-group-is-layout-flex\" style=\"padding-top:var(--wp--preset--spacing--bbe-150);padding-right:5vw;padding-bottom:var(--wp--preset--spacing--bbe-150);padding-left:5vw\">\n<div class=\"wp-block-group alignwide has-global-padding is-layout-constrained wp-container-core-group-is-layout-49e1bb92 wp-block-group-is-layout-constrained\">\n<h2 class=\"wp-block-heading has-text-align-center\" style=\"text-transform:capitalize\">Head SPA<\/h2>\n\n\n\n<div class=\"wp-block-group has-global-padding is-layout-constrained wp-container-core-group-is-layout-bd900772 wp-block-group-is-layout-constrained\">\n<div class=\"wp-block-buttons is-horizontal is-content-justification-center is-layout-flex wp-container-core-buttons-is-layout-337d9539 wp-block-buttons-is-layout-flex\">\n<div style=\"; --wp-block-button--hover-text: var(--wp--preset--color--bbe-neutral-000);; --wp-block-button--hover-background: var(--wp--preset--color--bbe-primary-600);\" class=\"wp-block-button has-custom-width wp-block-button__width-100 is-style-style-3 is-style-style-3--1 has-hover-text has-hover-background\"><a class=\"wp-block-button__link wp-element-button\" href=\"http:\/\/fallinkobido.booksy.com\/a\">zarezerwuj wizyt\u0119<\/a><\/div>\n<\/div>\n<\/div>\n<\/div>\n<\/div>\n\n\n\n<div class=\"wp-block-group has-bbe-neutral-200-background-color has-background wp-container-content-0733e5d0 is-vertical is-content-justification-stretch is-layout-flex wp-container-core-group-is-layout-44775fe5 wp-block-group-is-layout-flex wpbbe-5\" style=\"padding-top:0;padding-right:0;padding-bottom:0;padding-left:0;background-image:url(&apos;https:\/\/fallinkobido.plwp-content\/uploads\/2025\/10\/Slide-1_1-_-13.webp&apos;);background-position:50% 50%;background-size:cover;\">\n<figure class=\"wp-block-image size-large\"><img loading=\"lazy\" decoding=\"async\" width=\"576\" height=\"1024\" src=\"https:\/\/fallinkobido.pl\/wp-content\/uploads\/2025\/11\/IMG_9062-576x1024.jpg\" alt=\"\" class=\"wp-image-19366\" srcset=\"https:\/\/fallinkobido.pl\/wp-content\/uploads\/2025\/11\/IMG_9062-576x1024.jpg 576w, https:\/\/fallinkobido.pl\/wp-content\/uploads\/2025\/11\/IMG_9062-169x300.jpg 169w, https:\/\/fallinkobido.pl\/wp-content\/uploads\/2025\/11\/IMG_9062-768x1365.jpg 768w, https:\/\/fallinkobido.pl\/wp-content\/uploads\/2025\/11\/IMG_9062-864x1536.jpg 864w, https:\/\/fallinkobido.pl\/wp-content\/uploads\/2025\/11\/IMG_9062-1152x2048.jpg 1152w, https:\/\/fallinkobido.pl\/wp-content\/uploads\/2025\/11\/IMG_9062-scaled.jpg 1440w\" sizes=\"auto, (max-width: 576px) 100vw, 576px\" \/><\/figure>\n<\/div>\n<\/div>\n","protected":false},"excerpt":{"rendered":"<p>HEAD SPA TO INNY WYMIAR RELAKSU. SZUM WODY, MASA\u017b G\u0141OWY I OTULAJ\u0104CO -RELAKSUJ\u0104CY DOTYK. Rytua\u0142 Head Spa&nbsp;to wieloetapowy rytua\u0142&nbsp;piel\u0119gnacyjno -relaksacyjny&nbsp;sk\u00f3ry g\u0142owy i w\u0142os\u00f3w. To nie tylko zabieg, ale chwila relaksu, oddechu i spokoju, niesamowite do\u015bwiadczenie i odpr\u0119\u017cenie \u0142\u0105cz\u0105c\u0119 w sobie oczyszczenie sk\u00f3ry g\u0142owy i zadbanie o w\u0142osy. Efekt: g\u0142\u0119boki relaks i redukcja stresu oczyszczenie sk\u00f3ry [&hellip;]<\/p>\n","protected":false},"author":1,"featured_media":18107,"parent":1068,"menu_order":0,"comment_status":"open","ping_status":"closed","template":"wp-custom-template-canvas-with-title","meta":{"footnotes":""},"class_list":["post-15122","page","type-page","status-publish","has-post-thumbnail","hentry"],"_links":{"self":[{"href":"https:\/\/fallinkobido.pl\/index.php\/wp-json\/wp\/v2\/pages\/15122","targetHints":{"allow":["GET"]}}],"collection":[{"href":"https:\/\/fallinkobido.pl\/index.php\/wp-json\/wp\/v2\/pages"}],"about":[{"href":"https:\/\/fallinkobido.pl\/index.php\/wp-json\/wp\/v2\/types\/page"}],"author":[{"embeddable":true,"href":"https:\/\/fallinkobido.pl\/index.php\/wp-json\/wp\/v2\/users\/1"}],"replies":[{"embeddable":true,"href":"https:\/\/fallinkobido.pl\/index.php\/wp-json\/wp\/v2\/comments?post=15122"}],"version-history":[{"count":10,"href":"https:\/\/fallinkobido.pl\/index.php\/wp-json\/wp\/v2\/pages\/15122\/revisions"}],"predecessor-version":[{"id":19585,"href":"https:\/\/fallinkobido.pl\/index.php\/wp-json\/wp\/v2\/pages\/15122\/revisions\/19585"}],"up":[{"embeddable":true,"href":"https:\/\/fallinkobido.pl\/index.php\/wp-json\/wp\/v2\/pages\/1068"}],"wp:featuredmedia":[{"embeddable":true,"href":"https:\/\/fallinkobido.pl\/index.php\/wp-json\/wp\/v2\/media\/18107"}],"wp:attachment":[{"href":"https:\/\/fallinkobido.pl\/index.php\/wp-json\/wp\/v2\/media?parent=15122"}],"curies":[{"name":"wp","href":"https:\/\/api.w.org\/{rel}","templated":true}]}}