{"id":15120,"date":"2025-08-22T07:29:25","date_gmt":"2025-08-22T07:29:25","guid":{"rendered":"http:\/\/serwer395751.lh.pl\/autoinstalator\/serwer395751.lh.pl\/wordpress140666\/index.php\/services-01\/hairdressing-services\/"},"modified":"2025-12-29T12:27:38","modified_gmt":"2025-12-29T11:27:38","slug":"kobido","status":"publish","type":"page","link":"https:\/\/fallinkobido.pl\/index.php\/fallinkobido\/oferta\/kobido\/","title":{"rendered":"Kobido"},"content":{"rendered":"\n<div class=\"wp-block-group alignfull has-global-padding is-layout-constrained wp-block-group-is-layout-constrained\">\n<div class=\"wp-block-group alignwide is-content-justification-space-between is-nowrap is-layout-flex wp-container-core-group-is-layout-4edf38fe wp-block-group-is-layout-flex wpbbe-1\" style=\"padding-top:var(--wp--preset--spacing--bbe-150);padding-bottom:var(--wp--preset--spacing--bbe-150)\">\n<div class=\"wp-block-group alignwide wp-container-content-0733e5d0 is-vertical is-content-justification-stretch is-layout-flex wp-container-core-group-is-layout-353c4f5a wp-block-group-is-layout-flex\">\n<div class=\"wp-block-group has-global-padding is-layout-constrained wp-container-core-group-is-layout-c13cc23c wp-block-group-is-layout-constrained\">\n<h2 class=\"wp-block-heading has-bbe-title-6-font-size\" style=\"text-transform:capitalize\">KOBIDO sztuka dotyku<\/h2>\n\n\n\n<h3 class=\"wp-block-heading has-text-align-center has-bbe-title-2-font-size\">Liftinguj\u0105cy masa\u017c twarzy, kt\u00f3ry odblokowuje zablokowane emocje w mi\u0119\u015bniach twarzy.<\/h3>\n<\/div>\n<\/div>\n\n\n\n<div class=\"wp-block-group wp-container-content-0733e5d0 is-vertical is-layout-flex wp-container-core-group-is-layout-fe9cc265 wp-block-group-is-layout-flex\">\n<div class=\"wp-block-group has-global-padding is-layout-constrained wp-block-group-is-layout-constrained\">\n<p>Kobido to rytua\u0142 uwa\u017cno\u015bci, czu\u0142o\u015bci i przekazywanie energii. Ka\u017cdy ruch ma znaczenie, a ka\u017cdy dotyk to uwalnianie zablokowanego stresu z twarzy.<\/p>\n\n\n\n<p>Masa\u017c ten powsta\u0142 w Japonii przed wiekami, Kobido by\u0142 pierwotnie zarezerwowany dla cesarskiego dworu nie w celu upi\u0119kszania, lecz aby przywraca\u0107 harmoni\u0119 po\u015br\u00f3d codziennego napi\u0119cia.<\/p>\n\n\n\n<p>Kobido \u0142\u0105czy w sobie precyzyjny masa\u017c twarzy, drena\u017c limfatyczny twarzy i techniki liftinguj\u0105ce.<\/p>\n\n\n\n<p>Twarz po Kobido jest nie tylko g\u0142adka, ale staje si\u0119 te\u017c spokojniejsza, promienna i rozlu\u017aniona.<\/p>\n\n\n\n<p>To jak powr\u00f3t do siebie poprzez dotyk, rytm i ciep\u0142o d\u0142oni.<\/p>\n<\/div>\n<\/div>\n<\/div>\n\n\n\n<pre class=\"wp-block-preformatted\"><\/pre>\n<\/div>\n\n\n\n<div class=\"wp-block-cover alignfull\"><img loading=\"lazy\" decoding=\"async\" width=\"1024\" height=\"561\" class=\"wp-block-cover__image-background wp-image-18140\" alt=\"\" src=\"https:\/\/fallinkobido.pl\/wp-content\/uploads\/2025\/05\/Slide-16_9-_-6-1024x561.webp\" data-object-fit=\"cover\" srcset=\"https:\/\/fallinkobido.pl\/wp-content\/uploads\/2025\/05\/Slide-16_9-_-6-1024x561.webp 1024w, https:\/\/fallinkobido.pl\/wp-content\/uploads\/2025\/05\/Slide-16_9-_-6-300x164.webp 300w, https:\/\/fallinkobido.pl\/wp-content\/uploads\/2025\/05\/Slide-16_9-_-6-768x421.webp 768w, https:\/\/fallinkobido.pl\/wp-content\/uploads\/2025\/05\/Slide-16_9-_-6-1536x842.webp 1536w, https:\/\/fallinkobido.pl\/wp-content\/uploads\/2025\/05\/Slide-16_9-_-6-2048x1122.webp 2048w\" sizes=\"auto, (max-width: 1024px) 100vw, 1024px\" \/><span aria-hidden=\"true\" class=\"wp-block-cover__background has-background-dim\"><\/span><div class=\"wp-block-cover__inner-container is-layout-flow wp-block-cover-is-layout-flow\">\n<p class=\"has-text-align-center has-large-font-size\">POZNAJ DOPE\u0141NIAJ\u0104CE WARIANTY MASA\u017bU KOBIDO<\/p>\n<\/div><\/div>\n\n\n\n<div class=\"wp-block-group alignwide has-global-padding is-layout-constrained wp-container-core-group-is-layout-19e250f3 wp-block-group-is-layout-constrained\">\n<div class=\"wp-block-group alignwide is-content-justification-space-between is-nowrap is-layout-flex wp-container-core-group-is-layout-aea4f75c wp-block-group-is-layout-flex wpbbe-2\" style=\"border-top-color:var(--wp--preset--color--bbe-neutral-300);border-top-width:1px;padding-top:var(--wp--preset--spacing--bbe-150);padding-bottom:var(--wp--preset--spacing--bbe-150)\">\n<div class=\"wp-block-group wp-container-content-0733e5d0 is-vertical is-content-justification-stretch is-layout-flex wp-container-core-group-is-layout-d64b8eb1 wp-block-group-is-layout-flex\">\n<h3 class=\"wp-block-heading has-bbe-title-2-font-size\">Ka\u017cdy wariant jest czym\u015b wyj\u0105tkowym.<\/h3>\n\n\n\n<p>Wybierz sw\u00f3j rytua\u0142 z piel\u0119gnacj\u0105 twarzy lub rozlu\u017anieniem cia\u0142a.<\/p>\n\n\n\n<p><strong>Ampu\u0142ka<\/strong> &#8211; dzi\u0119ki pobudzeniu mikrokr\u0105\u017cenia podczas Kobido, ampu\u0142ka ze sk\u0142adnikami aktywnymi wnika g\u0142\u0119biej, a sk\u00f3ra odzyskuje blask, zdrowy wygl\u0105d i nawil\u017cenie.<\/p>\n\n\n\n<p><strong>Japo\u0144ski masa\u017c plec\u00f3w i karku<\/strong> &#8211; plecy i kark to miejsca, gdzie gromadzi si\u0119 stres. Sztywno\u015b\u0107 w tej okolicy wp\u0142ywa na mi\u0119\u015bnie szyi i \u017cuchwy, a te z kolei maj\u0105 bezpo\u015bredni wp\u0142yw na u\u0142o\u017cenie i napi\u0119cie mi\u0119\u015bni twarzy.<\/p>\n\n\n\n<p><strong>Japo\u0144ski masa\u017c plec\u00f3w, talii i brzucha<\/strong> &#8211; brzuch to centrum emocji, cz\u0119sto si\u0119 m\u00f3wi o nim jako o ,,drugim m\u00f3zgu&#8221;. Gdy brzuch zostanie rozlu\u017aniony, cia\u0142o zaczyna oddycha\u0107 pe\u0142niej, a twarz automatycznie staje si\u0119 spokojniejsza i \u0142agodniejsza w wyrazie.<\/p>\n<\/div>\n\n\n\n<div class=\"wp-block-group wp-container-content-0733e5d0 is-vertical is-content-justification-stretch is-layout-flex wp-container-core-group-is-layout-69c550ab wp-block-group-is-layout-flex\">\n<div class=\"wp-block-group is-content-justification-space-between is-nowrap is-layout-flex wp-container-core-group-is-layout-225e81c0 wp-block-group-is-layout-flex\" style=\"border-bottom-color:var(--wp--preset--color--bbe-neutral-300);border-bottom-width:1px;padding-top:var(--wp--preset--spacing--bbe-40);padding-bottom:var(--wp--preset--spacing--bbe-40)\">\n<p>masa\u017c Kobido (90min)<\/p>\n\n\n\n<p class=\"has-text-align-right\">230 z\u0142<\/p>\n<\/div>\n\n\n\n<div class=\"wp-block-group is-content-justification-space-between is-nowrap is-layout-flex wp-container-core-group-is-layout-225e81c0 wp-block-group-is-layout-flex\" style=\"border-bottom-color:var(--wp--preset--color--bbe-neutral-300);border-bottom-width:1px;padding-top:var(--wp--preset--spacing--bbe-40);padding-bottom:var(--wp--preset--spacing--bbe-40)\">\n<p>masa\u017c Kobido + ampu\u0142ka<\/p>\n\n\n\n<p class=\"has-text-align-right\">280 z\u0142<\/p>\n<\/div>\n\n\n\n<div class=\"wp-block-group is-content-justification-space-between is-nowrap is-layout-flex wp-container-core-group-is-layout-225e81c0 wp-block-group-is-layout-flex\" style=\"border-bottom-color:var(--wp--preset--color--bbe-neutral-300);border-bottom-width:1px;padding-top:var(--wp--preset--spacing--bbe-40);padding-bottom:var(--wp--preset--spacing--bbe-40)\">\n<p>masa\u017c Kobido + ampu\u0142ka + maska<\/p>\n\n\n\n<p class=\"has-text-align-right\">350 z\u0142<\/p>\n<\/div>\n\n\n\n<div class=\"wp-block-group is-content-justification-space-between is-nowrap is-layout-flex wp-container-core-group-is-layout-225e81c0 wp-block-group-is-layout-flex\" style=\"border-bottom-color:var(--wp--preset--color--bbe-neutral-300);border-bottom-width:1px;padding-top:var(--wp--preset--spacing--bbe-40);padding-bottom:var(--wp--preset--spacing--bbe-40)\">\n<p>masa\u017c Kobido + Japo\u0144ski masa\u017c brzucha i talii<\/p>\n\n\n\n<p class=\"has-text-align-right\">310 z\u0142<\/p>\n<\/div>\n\n\n\n<div class=\"wp-block-group is-content-justification-space-between is-nowrap is-layout-flex wp-container-core-group-is-layout-225e81c0 wp-block-group-is-layout-flex\" style=\"border-bottom-color:var(--wp--preset--color--bbe-neutral-300);border-bottom-width:1px;padding-top:var(--wp--preset--spacing--bbe-40);padding-bottom:var(--wp--preset--spacing--bbe-40)\">\n<p>masa\u017c Kobido + Japo\u0144ski masa\u017c plec\u00f3w i karku                                    300 z\u0142<\/p>\n<\/div>\n\n\n\n<div class=\"wp-block-group is-content-justification-space-between is-nowrap is-layout-flex wp-container-core-group-is-layout-225e81c0 wp-block-group-is-layout-flex\" style=\"border-bottom-color:var(--wp--preset--color--bbe-neutral-300);border-bottom-width:1px;padding-top:var(--wp--preset--spacing--bbe-40);padding-bottom:var(--wp--preset--spacing--bbe-40)\">\n<p>TOP: masa\u017c Kobido + Japo\u0144ski masa\u017c plec\u00f3w, talii i brzucha<\/p>\n\n\n\n<p class=\"has-text-align-right\">400 z\u0142   <\/p>\n<\/div>\n\n\n\n<div class=\"wp-block-group is-content-justification-space-between is-nowrap is-layout-flex wp-container-core-group-is-layout-225e81c0 wp-block-group-is-layout-flex\" style=\"border-bottom-color:var(--wp--preset--color--bbe-neutral-300);border-bottom-width:1px;padding-top:var(--wp--preset--spacing--bbe-40);padding-bottom:var(--wp--preset--spacing--bbe-40)\">\n<p>Kobido Vitamin C Touch<\/p>\n\n\n\n<p class=\"has-text-align-right\">300 z\u0142<\/p>\n<\/div>\n\n\n\n<div class=\"wp-block-group is-content-justification-space-between is-nowrap is-layout-flex wp-container-core-group-is-layout-225e81c0 wp-block-group-is-layout-flex\" style=\"border-bottom-color:var(--wp--preset--color--bbe-neutral-300);border-bottom-width:1px;padding-top:var(--wp--preset--spacing--bbe-40);padding-bottom:var(--wp--preset--spacing--bbe-40)\">\n<p>pakiet 5 zabieg\u00f3w masa\u017cu Kobido (90min)<\/p>\n\n\n\n<p class=\"has-text-align-right\">1 000 z\u0142<\/p>\n<\/div>\n\n\n\n<div class=\"wp-block-group is-content-justification-space-between is-nowrap is-layout-flex wp-container-core-group-is-layout-225e81c0 wp-block-group-is-layout-flex\" style=\"border-bottom-color:var(--wp--preset--color--bbe-neutral-300);border-bottom-width:1px;padding-top:var(--wp--preset--spacing--bbe-40);padding-bottom:var(--wp--preset--spacing--bbe-40)\">\n<p>+ dodatek kinesiotaping na spi\u0119te barki<\/p>\n\n\n\n<p class=\"has-text-align-right\">+30 z\u0142   <\/p>\n<\/div>\n\n\n\n<p><\/p>\n<\/div>\n<\/div>\n<\/div>\n\n\n\n<div class=\"wp-block-group alignfull has-bbe-primary-200-background-color has-background is-content-justification-space-between is-nowrap is-layout-flex wp-container-core-group-is-layout-16b91ca5 wp-block-group-is-layout-flex wpbbe-3\" style=\"min-height:66vh;padding-right:0;padding-left:0\">\n<div class=\"wp-block-group wp-container-content-0733e5d0 is-vertical is-content-justification-stretch is-layout-flex wp-container-core-group-is-layout-0cd4c034 wp-block-group-is-layout-flex\" style=\"padding-top:var(--wp--preset--spacing--bbe-150);padding-right:5vw;padding-bottom:var(--wp--preset--spacing--bbe-150);padding-left:5vw\">\n<div class=\"wp-block-group alignwide has-global-padding is-layout-constrained wp-container-core-group-is-layout-49e1bb92 wp-block-group-is-layout-constrained\">\n<h2 class=\"wp-block-heading has-text-align-center\" style=\"text-transform:capitalize\">Czas na tw\u00f3j relaks<\/h2>\n\n\n\n<p class=\"has-text-align-center has-bbe-neutral-800-color has-text-color has-link-color wp-elements-b889bddd5820a0e5dce6a2de4a8b4cca\">Chwila, w kt\u00f3rej cia\u0142o dzi\u0119kuje Ci za trosk\u0119, a Ty uczysz si\u0119 znowu czu\u0107 lekko, spokojnie i prawdziwie.<\/p>\n\n\n\n<div class=\"wp-block-group has-global-padding is-layout-constrained wp-container-core-group-is-layout-bd900772 wp-block-group-is-layout-constrained\">\n<div class=\"wp-block-buttons is-horizontal is-content-justification-center is-layout-flex wp-container-core-buttons-is-layout-337d9539 wp-block-buttons-is-layout-flex\">\n<div style=\"; --wp-block-button--hover-text: var(--wp--preset--color--bbe-neutral-000);; --wp-block-button--hover-background: var(--wp--preset--color--bbe-primary-600);\" class=\"wp-block-button has-custom-width wp-block-button__width-100 is-style-style-3 is-style-style-3--1 has-hover-text has-hover-background\"><a class=\"wp-block-button__link wp-element-button\" href=\"http:\/\/fallinkobido.booksy.com\">Zarezerwuj wizyt\u0119<\/a><\/div>\n<\/div>\n<\/div>\n<\/div>\n<\/div>\n\n\n\n<figure class=\"wp-block-gallery has-nested-images columns-default is-cropped wp-block-gallery-2 is-layout-flex wp-block-gallery-is-layout-flex\">\n<figure class=\"wp-block-image size-large\"><img loading=\"lazy\" decoding=\"async\" width=\"1024\" height=\"1024\" data-id=\"19528\" src=\"https:\/\/fallinkobido.pl\/wp-content\/uploads\/2025\/12\/Brown-and-Beige-Beauty-Before-After-Cosmetology-Instagram-Post-1-1024x1024.png\" alt=\"\" class=\"wp-image-19528\" srcset=\"https:\/\/fallinkobido.pl\/wp-content\/uploads\/2025\/12\/Brown-and-Beige-Beauty-Before-After-Cosmetology-Instagram-Post-1-1024x1024.png 1024w, https:\/\/fallinkobido.pl\/wp-content\/uploads\/2025\/12\/Brown-and-Beige-Beauty-Before-After-Cosmetology-Instagram-Post-1-300x300.png 300w, https:\/\/fallinkobido.pl\/wp-content\/uploads\/2025\/12\/Brown-and-Beige-Beauty-Before-After-Cosmetology-Instagram-Post-1-150x150.png 150w, https:\/\/fallinkobido.pl\/wp-content\/uploads\/2025\/12\/Brown-and-Beige-Beauty-Before-After-Cosmetology-Instagram-Post-1-768x768.png 768w, https:\/\/fallinkobido.pl\/wp-content\/uploads\/2025\/12\/Brown-and-Beige-Beauty-Before-After-Cosmetology-Instagram-Post-1.png 1080w\" sizes=\"auto, (max-width: 1024px) 100vw, 1024px\" \/><\/figure>\n<\/figure>\n<\/div>\n\n\n\n<figure class=\"wp-block-pullquote\"><blockquote><p><\/p><\/blockquote><\/figure>\n\n\n\n<h4 class=\"wp-block-heading has-text-align-center\"> ETAPY MASA\u017bU KOBIDO<\/h4>\n\n\n\n<h6 class=\"wp-block-heading has-text-align-center\"><\/h6>\n\n\n\n<p><strong>1. OCZYSZCZENIE SK\u00d3RY<\/strong><\/p>\n\n\n\n<p>Masa\u017c Kobido rozpoczyna si\u0119 dok\u0142adnym oczyszczeniem sk\u00f3ry, tak aby przygotowa\u0107 j\u0105 do pracy manualnej i zwi\u0119kszy\u0107 skuteczno\u015b\u0107 masa\u017cu.<\/p>\n\n\n\n<p><\/p>\n\n\n\n<p><strong>2. WPROWADZENIE, ROZLU\u0179NIENIE, WYCISZENIE<\/strong><br>Nast\u0119pnym etapem s\u0105 delikatne ruchy rozlu\u017aniaj\u0105ce kark, szyj\u0119 i twarz. Rozlu\u017ania napi\u0119te miejsca i wprowadza w stan wyciszenia.<\/p>\n\n\n\n<p><\/p>\n\n\n\n<p><strong>3. DRENA\u017b TWARZY<\/strong><br>Nast\u0119pnie zostaje pobudzony naturalny przep\u0142yw limfy. Pomaga zmniejszy\u0107 obrz\u0119ki i odprowadza nadmiar p\u0142yn\u00f3w, dzi\u0119ki czemu masa\u017c Kobido jest jeszcze bardziej efektywny.<\/p>\n\n\n\n<p><\/p>\n\n\n\n<p><strong>4. MASA\u017b SK\u00d3RY G\u0141OWY<\/strong><br>Poprawia ukrwienie, rozlu\u017ania pozosta\u0142e napi\u0119cia i wzmacnia efekt og\u00f3lnego odpr\u0119\u017cenia.<\/p>\n\n\n\n<p><\/p>\n\n\n\n<p><strong>5. MASA\u017b TRANSBUKALNY (OPCJONALNIE)<\/strong><br>Polega na pracy wewn\u0105trz jamy ustnej. Rozlu\u017aniane s\u0105 g\u0142\u0119bokie napi\u0119cia w policzkach i \u017cwaczach.<br>Wp\u0142ywa na wyg\u0142adzenie bruzd i popraw\u0119 symetrii twarzy.Uwalnia mikro-napi\u0119cia emocjonalne.<br>Zalecany dla os\u00f3b z bruksizmem oraz z b\u00f3lami g\u0142owy.<\/p>\n\n\n\n<p>To jeden z najbardziej efektywnych element\u00f3w zabiegu.<\/p>\n\n\n\n<p><\/p>\n\n\n\n<p><strong>6. LIFTING<\/strong><br>Dynamiczne i precyzyjne ruchy stymuluj\u0105 mi\u0119\u015bnie twarzy, poprawiaj\u0105c ich elastyczno\u015b\u0107, napi\u0119cie i naturalnie podnosz\u0105 owal.<\/p>\n\n\n\n<p><\/p>\n\n\n\n<p><strong>7. MODELOWANIE<\/strong><br>Po liftingu nast\u0119puje etap ukierunkowanej pracy na konturze twarzy. Ruchy prowadzone s\u0105 tak, by podkre\u015bli\u0107 lini\u0119 \u017cuchwy, policzki i naturalne rysy, nadaj\u0105c harmonijny, bardziej wyra\u017any kszta\u0142t.<\/p>\n\n\n\n<p><\/p>\n\n\n\n<p><strong>8. WYCISZENIE<\/strong><br>Ko\u0144cowe, spokojne ruchy stabilizuj\u0105 efekty g\u0142\u0119bszej pracy, uspokajaj\u0105 tkanki i przywracaj\u0105 twarzy naturaln\u0105 lekko\u015b\u0107.<\/p>\n\n\n\n<p><\/p>\n\n\n\n<p><strong>9. TAPING ESTETYCZNY<\/strong><br>Na koniec nak\u0142adane s\u0105 specjalne ta\u015bmy, kt\u00f3re wspieraj\u0105 drena\u017c, zmniejszaj\u0105 napi\u0119cia i przed\u0142u\u017caj\u0105 dzia\u0142anie masa\u017cu.<\/p>\n\n\n\n<figure class=\"wp-block-pullquote\"><blockquote><p><\/p><\/blockquote><\/figure>\n\n\n\n<div class=\"wp-block-cover alignfull\"><img loading=\"lazy\" decoding=\"async\" width=\"1024\" height=\"561\" class=\"wp-block-cover__image-background wp-image-18140\" alt=\"\" src=\"https:\/\/fallinkobido.pl\/wp-content\/uploads\/2025\/05\/Slide-16_9-_-6-1024x561.webp\" data-object-fit=\"cover\" srcset=\"https:\/\/fallinkobido.pl\/wp-content\/uploads\/2025\/05\/Slide-16_9-_-6-1024x561.webp 1024w, https:\/\/fallinkobido.pl\/wp-content\/uploads\/2025\/05\/Slide-16_9-_-6-300x164.webp 300w, https:\/\/fallinkobido.pl\/wp-content\/uploads\/2025\/05\/Slide-16_9-_-6-768x421.webp 768w, https:\/\/fallinkobido.pl\/wp-content\/uploads\/2025\/05\/Slide-16_9-_-6-1536x842.webp 1536w, https:\/\/fallinkobido.pl\/wp-content\/uploads\/2025\/05\/Slide-16_9-_-6-2048x1122.webp 2048w\" sizes=\"auto, (max-width: 1024px) 100vw, 1024px\" \/><span aria-hidden=\"true\" class=\"wp-block-cover__background has-background-dim\"><\/span><div class=\"wp-block-cover__inner-container is-layout-flow wp-block-cover-is-layout-flow\">\n<p class=\"has-text-align-center has-large-font-size\">WSKAZANIA | PRZECIWSKAZANIA | SERIA<\/p>\n<\/div><\/div>\n\n\n\n<figure class=\"wp-block-pullquote\"><blockquote><p><\/p><\/blockquote><\/figure>\n\n\n\n<details class=\"wp-block-details is-layout-flow wp-block-details-is-layout-flow\"><summary>WSKAZANIA<\/summary>\n<p>*napi\u0119cia na twarzy, szyi, karku<\/p>\n\n\n\n<p>* utrata j\u0119drno\u015bci i elastyczno\u015bci<\/p>\n\n\n\n<p>*opadaj\u0105cy owal twarzy<\/p>\n\n\n\n<p>*b\u00f3le g\u0142owy, stres, przem\u0119czenie<\/p>\n\n\n\n<p>*szara, zm\u0119czona cera<\/p>\n\n\n\n<p>*obrz\u0119ki, poranne opuchlizna<\/p>\n\n\n\n<hr class=\"wp-block-separator has-alpha-channel-opacity\"\/>\n<\/details>\n\n\n\n<details class=\"wp-block-details is-layout-flow wp-block-details-is-layout-flow\"><summary>PRZECIWSKAZANIA<\/summary>\n<p>*\u015bwie\u017ce rany, otarcia, stany zapalne na twarzy<\/p>\n\n\n\n<p>*aktywne infekcje wirusowe, bakteryjne lub grzybicze<\/p>\n\n\n\n<p>*gor\u0105czka, przezi\u0119bienie, os\u0142abienie organizmu<\/p>\n\n\n\n<p>*opryszczka w stanie aktywnym<\/p>\n\n\n\n<p>*choroby nowotworowe<\/p>\n\n\n\n<p>*stany zapalne naszym kriwono\u015bnych<\/p>\n\n\n\n<p>*\u015bwie\u017co przebyte zabiegi chirurgiczne, estetyczne na twarzy<\/p>\n\n\n\n<p>*ci\u0105\u017ca<\/p>\n\n\n\n<p><\/p>\n<\/details>\n\n\n\n<details class=\"wp-block-details is-layout-flow wp-block-details-is-layout-flow\"><summary>SERIA<\/summary>\n<p>Zaleca si\u0119 wykonanie na pocz\u0105tek 5-10 zabieg\u00f3w z cz\u0119stotliwo\u015bci\u0105 raz w tygodniu, nast\u0119pnie Kobido nale\u017cy wykonywa\u0107 raz na dwa tygodnie z p\u00f3\u017aniejszym przej\u015bciem do raz w miesi\u0105cu.<\/p>\n<\/details>\n\n\n\n<figure class=\"wp-block-pullquote\"><blockquote><p><\/p><\/blockquote><\/figure>\n","protected":false},"excerpt":{"rendered":"<p>KOBIDO sztuka dotyku Liftinguj\u0105cy masa\u017c twarzy, kt\u00f3ry odblokowuje zablokowane emocje w mi\u0119\u015bniach twarzy. Kobido to rytua\u0142 uwa\u017cno\u015bci, czu\u0142o\u015bci i przekazywanie energii. Ka\u017cdy ruch ma znaczenie, a ka\u017cdy dotyk to uwalnianie zablokowanego stresu z twarzy. Masa\u017c ten powsta\u0142 w Japonii przed wiekami, Kobido by\u0142 pierwotnie zarezerwowany dla cesarskiego dworu nie w celu upi\u0119kszania, lecz aby przywraca\u0107 [&hellip;]<\/p>\n","protected":false},"author":1,"featured_media":17987,"parent":1068,"menu_order":0,"comment_status":"closed","ping_status":"closed","template":"wp-custom-template-canvas-with-title","meta":{"footnotes":""},"class_list":["post-15120","page","type-page","status-publish","has-post-thumbnail","hentry"],"_links":{"self":[{"href":"https:\/\/fallinkobido.pl\/index.php\/wp-json\/wp\/v2\/pages\/15120","targetHints":{"allow":["GET"]}}],"collection":[{"href":"https:\/\/fallinkobido.pl\/index.php\/wp-json\/wp\/v2\/pages"}],"about":[{"href":"https:\/\/fallinkobido.pl\/index.php\/wp-json\/wp\/v2\/types\/page"}],"author":[{"embeddable":true,"href":"https:\/\/fallinkobido.pl\/index.php\/wp-json\/wp\/v2\/users\/1"}],"replies":[{"embeddable":true,"href":"https:\/\/fallinkobido.pl\/index.php\/wp-json\/wp\/v2\/comments?post=15120"}],"version-history":[{"count":30,"href":"https:\/\/fallinkobido.pl\/index.php\/wp-json\/wp\/v2\/pages\/15120\/revisions"}],"predecessor-version":[{"id":19552,"href":"https:\/\/fallinkobido.pl\/index.php\/wp-json\/wp\/v2\/pages\/15120\/revisions\/19552"}],"up":[{"embeddable":true,"href":"https:\/\/fallinkobido.pl\/index.php\/wp-json\/wp\/v2\/pages\/1068"}],"wp:featuredmedia":[{"embeddable":true,"href":"https:\/\/fallinkobido.pl\/index.php\/wp-json\/wp\/v2\/media\/17987"}],"wp:attachment":[{"href":"https:\/\/fallinkobido.pl\/index.php\/wp-json\/wp\/v2\/media?parent=15120"}],"curies":[{"name":"wp","href":"https:\/\/api.w.org\/{rel}","templated":true}]}}