{"id":1068,"date":"2024-09-06T08:20:26","date_gmt":"2024-09-06T08:20:26","guid":{"rendered":"http:\/\/serwer395751.lh.pl\/autoinstalator\/serwer395751.lh.pl\/wordpress140666\/index.php\/services-01\/"},"modified":"2025-12-06T11:46:58","modified_gmt":"2025-12-06T10:46:58","slug":"oferta","status":"publish","type":"page","link":"https:\/\/fallinkobido.pl\/index.php\/fallinkobido\/oferta\/","title":{"rendered":"oferta"},"content":{"rendered":"\n<div class=\"wp-block-group alignwide is-layout-flow wp-container-core-group-is-layout-a77db08e wp-block-group-is-layout-flow\">\n<div class=\"wp-block-group is-content-justification-space-between is-nowrap is-layout-flex wp-container-core-group-is-layout-aea4f75c wp-block-group-is-layout-flex wpbbe-1\" style=\"padding-top:var(--wp--preset--spacing--bbe-150);padding-bottom:var(--wp--preset--spacing--bbe-150)\">\n<div class=\"wp-block-group wp-container-content-0733e5d0 is-vertical is-content-justification-stretch is-layout-flex wp-container-core-group-is-layout-69c550ab wp-block-group-is-layout-flex\">\n<figure class=\"wp-block-image size-large\"><img loading=\"lazy\" decoding=\"async\" width=\"1024\" height=\"1024\" src=\"https:\/\/fallinkobido.plwp-content\/uploads\/2025\/10\/Slide-1_1-_-4-1024x1024.webp\" alt=\"\" class=\"wp-image-17980\" style=\"aspect-ratio:1;object-fit:cover\" srcset=\"https:\/\/fallinkobido.pl\/wp-content\/uploads\/2025\/10\/Slide-1_1-_-4-1024x1024.webp 1024w, https:\/\/fallinkobido.pl\/wp-content\/uploads\/2025\/10\/Slide-1_1-_-4-300x300.webp 300w, https:\/\/fallinkobido.pl\/wp-content\/uploads\/2025\/10\/Slide-1_1-_-4-150x150.webp 150w, https:\/\/fallinkobido.pl\/wp-content\/uploads\/2025\/10\/Slide-1_1-_-4-768x768.webp 768w, https:\/\/fallinkobido.pl\/wp-content\/uploads\/2025\/10\/Slide-1_1-_-4-1536x1536.webp 1536w, https:\/\/fallinkobido.pl\/wp-content\/uploads\/2025\/10\/Slide-1_1-_-4.webp 1800w\" sizes=\"auto, (max-width: 1024px) 100vw, 1024px\" \/><\/figure>\n<\/div>\n\n\n\n<div class=\"wp-block-group wp-container-content-0733e5d0 is-vertical is-content-justification-stretch is-layout-flex wp-container-core-group-is-layout-353c4f5a wp-block-group-is-layout-flex\">\n<div class=\"wp-block-group has-global-padding is-layout-constrained wp-container-core-group-is-layout-c13cc23c wp-block-group-is-layout-constrained\">\n<h2 class=\"wp-block-heading has-bbe-title-1-font-size\"><a href=\"https:\/\/fallinkobido.plservices-01\/hairdressing-services\/\" data-type=\"page\" data-id=\"15120\">KOBIDO<\/a><\/h2>\n\n\n\n<p>Masa\u017c, kt\u00f3ry sprawia, \u017ce twarz przestaje opowiada\u0107 histori\u0119 zm\u0119czenia, a zaczyna opowiada\u0107 histori\u0119 troski o siebie.<\/p>\n\n\n\n<p>Kobido to zaawansowana technika japo\u0144skiego masa\u017cu twarzy, kt\u00f3ra \u0142\u0105czy precyzyjne, szybkie i g\u0142\u0119bokie ruchy z elementami relaksacyjnymi.<\/p>\n\n\n\n<p>Masa\u017c nie obejmuje tylko powierzchni sk\u00f3ry, ale r\u00f3wnie\u017c praca na mi\u0119\u015bniach i powi\u0119ziach, dzi\u0119ki czemu wp\u0142ywa na naturalne uniesienie tkanek, popraw\u0119 kr\u0105\u017cenia i widoczne roz\u015bwietlenie cery.<\/p>\n\n\n\n<div class=\"wp-block-group has-global-padding is-layout-constrained wp-container-core-group-is-layout-19e250f3 wp-block-group-is-layout-constrained\">\n<p style=\"border-bottom-color:var(--wp--preset--color--bbe-neutral-300);border-bottom-width:1px;padding-top:var(--wp--preset--spacing--bbe-40);padding-bottom:var(--wp--preset--spacing--bbe-40)\">Kobido<\/p>\n\n\n\n<p style=\"border-bottom-color:var(--wp--preset--color--bbe-neutral-300);border-bottom-width:1px;padding-top:var(--wp--preset--spacing--bbe-40);padding-bottom:var(--wp--preset--spacing--bbe-40)\">Kobido + ampu\u0142ka<\/p>\n\n\n\n<p style=\"border-bottom-color:var(--wp--preset--color--bbe-neutral-300);border-bottom-width:1px;padding-top:var(--wp--preset--spacing--bbe-40);padding-bottom:var(--wp--preset--spacing--bbe-40)\">Kobido + Japo\u0144ski masa\u017c plec\u00f3w<\/p>\n\n\n\n<p style=\"border-bottom-color:var(--wp--preset--color--bbe-neutral-300);border-bottom-width:1px;padding-top:var(--wp--preset--spacing--bbe-40);padding-bottom:var(--wp--preset--spacing--bbe-40)\">Kobido + masa\u017c plec\u00f3w i brzucha<\/p>\n<\/div>\n\n\n\n<div class=\"wp-block-group has-global-padding is-content-justification-left is-layout-constrained wp-container-core-group-is-layout-37e5fd44 wp-block-group-is-layout-constrained\">\n<div class=\"wp-block-buttons is-horizontal is-content-justification-left is-layout-flex wp-container-core-buttons-is-layout-e1abfdea wp-block-buttons-is-layout-flex\" style=\"margin-top:var(--wp--preset--spacing--bbe-90)\">\n<div style=\"; --wp-block-button--hover-text: var(--wp--preset--color--bbe-neutral-000);; --wp-block-button--hover-background: var(--wp--preset--color--bbe-primary-600);\" class=\"wp-block-button has-custom-width wp-block-button__width-100 is-style-style-3 is-style-style-3--1 has-hover-text has-hover-background\"><a class=\"wp-block-button__link wp-element-button\" href=\"https:\/\/fallinkobido.pl\/index.php\/home-01\/services-01\/kobido\/\">Dowiedz si\u0119 wi\u0119cej<\/a><\/div>\n<\/div>\n<\/div>\n<\/div>\n<\/div>\n<\/div>\n\n\n\n<div class=\"wp-block-group is-content-justification-space-between is-nowrap is-layout-flex wp-container-core-group-is-layout-aea4f75c wp-block-group-is-layout-flex wpbbe-2\" style=\"padding-top:var(--wp--preset--spacing--bbe-150);padding-bottom:var(--wp--preset--spacing--bbe-150)\">\n<div class=\"wp-block-group wp-container-content-0733e5d0 is-vertical is-content-justification-stretch is-layout-flex wp-container-core-group-is-layout-69c550ab wp-block-group-is-layout-flex\">\n<figure class=\"wp-block-image size-large\"><img loading=\"lazy\" decoding=\"async\" width=\"576\" height=\"1024\" src=\"https:\/\/fallinkobido.pl\/wp-content\/uploads\/2025\/11\/IMG_4824-576x1024.jpg\" alt=\"\" class=\"wp-image-19411\" style=\"aspect-ratio:1;object-fit:cover\" srcset=\"https:\/\/fallinkobido.pl\/wp-content\/uploads\/2025\/11\/IMG_4824-576x1024.jpg 576w, https:\/\/fallinkobido.pl\/wp-content\/uploads\/2025\/11\/IMG_4824-169x300.jpg 169w, https:\/\/fallinkobido.pl\/wp-content\/uploads\/2025\/11\/IMG_4824-768x1365.jpg 768w, https:\/\/fallinkobido.pl\/wp-content\/uploads\/2025\/11\/IMG_4824-864x1536.jpg 864w, https:\/\/fallinkobido.pl\/wp-content\/uploads\/2025\/11\/IMG_4824-1152x2048.jpg 1152w, https:\/\/fallinkobido.pl\/wp-content\/uploads\/2025\/11\/IMG_4824-scaled.jpg 1440w\" sizes=\"auto, (max-width: 576px) 100vw, 576px\" \/><\/figure>\n<\/div>\n\n\n\n<div class=\"wp-block-group wp-container-content-0733e5d0 is-vertical is-content-justification-stretch is-layout-flex wp-container-core-group-is-layout-353c4f5a wp-block-group-is-layout-flex\">\n<div class=\"wp-block-group has-global-padding is-layout-constrained wp-container-core-group-is-layout-c13cc23c wp-block-group-is-layout-constrained\">\n<h2 class=\"wp-block-heading has-bbe-title-1-font-size\"><a href=\"https:\/\/fallinkobido.plservices-01\/hairdressing-services\/\" data-type=\"page\" data-id=\"15120\">JAPO\u0143SKI LIFTING 3D<\/a><\/h2>\n\n\n\n<p>Lekko\u015b\u0107 cia\u0142a, lifting twarzy, rozlu\u017anienie napi\u0119\u0107.<\/p>\n\n\n\n<p>Zaawansowana, manualna metoda odm\u0142adzaj\u0105ca, kt\u00f3ra wykorzystuje techniki ugniatania, rozci\u0105gania i drena\u017cu bocznych partii tu\u0142owia.<\/p>\n\n\n\n<p>Zabieg obejmuje g\u00f3rn\u0105 cz\u0119\u015b\u0107 cia\u0142a: plecy, kark, brzuch i klatk\u0119 piersiow\u0105.<\/p>\n\n\n\n<p>Jej celem jest przywr\u00f3cenie harmonii napi\u0119ciowej w centrum cia\u0142a, wzmocnienie ukrwienia oraz odblokowanie struktur wp\u0142ywaj\u0105cych na postaw\u0119, sylwetk\u0119 i rysy twarzy<\/p>\n\n\n\n<div class=\"wp-block-group has-global-padding is-layout-constrained wp-container-core-group-is-layout-19e250f3 wp-block-group-is-layout-constrained\">\n<p style=\"border-bottom-color:var(--wp--preset--color--bbe-neutral-300);border-bottom-width:1px;padding-top:var(--wp--preset--spacing--bbe-40);padding-bottom:var(--wp--preset--spacing--bbe-40)\">plecy<\/p>\n\n\n\n<p style=\"border-bottom-color:var(--wp--preset--color--bbe-neutral-300);border-bottom-width:1px;padding-top:var(--wp--preset--spacing--bbe-40);padding-bottom:var(--wp--preset--spacing--bbe-40)\">plecy, brzuch<\/p>\n\n\n\n<p style=\"border-bottom-color:var(--wp--preset--color--bbe-neutral-300);border-bottom-width:1px;padding-top:var(--wp--preset--spacing--bbe-40);padding-bottom:var(--wp--preset--spacing--bbe-40)\">PE\u0141NY RYTUA\u0141: plecy, brzuch, klatka piersiowa<\/p>\n<\/div>\n\n\n\n<div class=\"wp-block-group has-global-padding is-content-justification-left is-layout-constrained wp-container-core-group-is-layout-37e5fd44 wp-block-group-is-layout-constrained\">\n<div class=\"wp-block-buttons is-horizontal is-content-justification-left is-layout-flex wp-container-core-buttons-is-layout-e1abfdea wp-block-buttons-is-layout-flex\" style=\"margin-top:var(--wp--preset--spacing--bbe-90)\">\n<div style=\"; --wp-block-button--hover-text: var(--wp--preset--color--bbe-neutral-000);; --wp-block-button--hover-background: var(--wp--preset--color--bbe-primary-600);\" class=\"wp-block-button has-custom-width wp-block-button__width-100 is-style-style-3 is-style-style-3--2 has-hover-text has-hover-background\"><a class=\"wp-block-button__link wp-element-button\" href=\"https:\/\/fallinkobido.pl\/index.php\/fallinkobido\/oferta\/japonskilifting3d\/\">Dowiedz si\u0119 wi\u0119cej<\/a><\/div>\n<\/div>\n<\/div>\n<\/div>\n<\/div>\n<\/div>\n\n\n\n<div class=\"wp-block-group is-content-justification-space-between is-nowrap is-layout-flex wp-container-core-group-is-layout-aea4f75c wp-block-group-is-layout-flex wpbbe-3\" style=\"padding-top:var(--wp--preset--spacing--bbe-150);padding-bottom:var(--wp--preset--spacing--bbe-150)\">\n<div class=\"wp-block-group wp-container-content-0733e5d0 is-vertical is-content-justification-stretch is-layout-flex wp-container-core-group-is-layout-69c550ab wp-block-group-is-layout-flex\">\n<figure class=\"wp-block-image size-large\"><img loading=\"lazy\" decoding=\"async\" width=\"576\" height=\"1024\" src=\"https:\/\/fallinkobido.pl\/wp-content\/uploads\/2025\/11\/IMG_9062-576x1024.jpg\" alt=\"\" class=\"wp-image-19366\" style=\"aspect-ratio:1;object-fit:cover\" srcset=\"https:\/\/fallinkobido.pl\/wp-content\/uploads\/2025\/11\/IMG_9062-576x1024.jpg 576w, https:\/\/fallinkobido.pl\/wp-content\/uploads\/2025\/11\/IMG_9062-169x300.jpg 169w, https:\/\/fallinkobido.pl\/wp-content\/uploads\/2025\/11\/IMG_9062-768x1365.jpg 768w, https:\/\/fallinkobido.pl\/wp-content\/uploads\/2025\/11\/IMG_9062-864x1536.jpg 864w, https:\/\/fallinkobido.pl\/wp-content\/uploads\/2025\/11\/IMG_9062-1152x2048.jpg 1152w, https:\/\/fallinkobido.pl\/wp-content\/uploads\/2025\/11\/IMG_9062-scaled.jpg 1440w\" sizes=\"auto, (max-width: 576px) 100vw, 576px\" \/><\/figure>\n<\/div>\n\n\n\n<div class=\"wp-block-group wp-container-content-0733e5d0 is-vertical is-content-justification-stretch is-layout-flex wp-container-core-group-is-layout-353c4f5a wp-block-group-is-layout-flex\">\n<div class=\"wp-block-group has-global-padding is-layout-constrained wp-container-core-group-is-layout-c13cc23c wp-block-group-is-layout-constrained\">\n<h2 class=\"wp-block-heading has-bbe-title-1-font-size\"><a href=\"https:\/\/fallinkobido.plservices-01\/hairdressing-services\/\" data-type=\"page\" data-id=\"15120\">HEAD SPA<\/a><\/h2>\n\n\n\n<p><strong>Rytua\u0142 Head Spa<\/strong>&nbsp;to wieloetapowy rytua\u0142&nbsp;<em>piel\u0119gnacyjno -relaksacyjny<\/em>&nbsp;sk\u00f3ry g\u0142owy i w\u0142os\u00f3w.<\/p>\n\n\n\n<p>To nie tylko zabieg, ale chwila relaksu, oddechu i spokoju, niesamowite do\u015bwiadczenie i odpr\u0119\u017cenie \u0142\u0105cz\u0105c\u0119 w sobie oczyszczenie sk\u00f3ry g\u0142owy i zadbanie o w\u0142osy.<\/p>\n\n\n\n<div class=\"wp-block-group has-global-padding is-layout-constrained wp-container-core-group-is-layout-19e250f3 wp-block-group-is-layout-constrained\">\n<p style=\"border-bottom-color:var(--wp--preset--color--bbe-neutral-300);border-bottom-width:1px;padding-top:var(--wp--preset--spacing--bbe-40);padding-bottom:var(--wp--preset--spacing--bbe-40)\">G\u0142\u0119boki rytua\u0142 harmonii<\/p>\n\n\n\n<p style=\"border-bottom-color:var(--wp--preset--color--bbe-neutral-300);border-bottom-width:1px;padding-top:var(--wp--preset--spacing--bbe-40);padding-bottom:var(--wp--preset--spacing--bbe-40)\">Zimowe wyciszenie<\/p>\n\n\n\n<p style=\"border-bottom-color:var(--wp--preset--color--bbe-neutral-300);border-bottom-width:1px;padding-top:var(--wp--preset--spacing--bbe-40);padding-bottom:var(--wp--preset--spacing--bbe-40)\">Ceremonia spokoju z masa\u017cem Kobido<\/p>\n<\/div>\n\n\n\n<div class=\"wp-block-group has-global-padding is-content-justification-left is-layout-constrained wp-container-core-group-is-layout-37e5fd44 wp-block-group-is-layout-constrained\">\n<div class=\"wp-block-buttons is-horizontal is-content-justification-left is-layout-flex wp-container-core-buttons-is-layout-e1abfdea wp-block-buttons-is-layout-flex\" style=\"margin-top:var(--wp--preset--spacing--bbe-90)\">\n<div style=\"; --wp-block-button--hover-text: var(--wp--preset--color--bbe-neutral-000);; --wp-block-button--hover-background: var(--wp--preset--color--bbe-primary-600);\" class=\"wp-block-button has-custom-width wp-block-button__width-100 is-style-style-3 is-style-style-3--3 has-hover-text has-hover-background\"><a class=\"wp-block-button__link wp-element-button\" href=\"https:\/\/fallinkobido.pl\/index.php\/home-01\/services-01\/headspa\/\">Dowiedz si\u0119 wi\u0119cej<\/a><\/div>\n<\/div>\n<\/div>\n<\/div>\n<\/div>\n<\/div>\n<\/div>\n\n\n\n<div class=\"wp-block-group alignfull has-bbe-primary-200-background-color has-background has-global-padding is-layout-constrained wp-container-core-group-is-layout-a64cd131 wp-block-group-is-layout-constrained\" style=\"border-radius:0px;border-top-style:none;border-top-width:0px;border-bottom-style:none;border-bottom-width:0px;padding-top:var(--wp--preset--spacing--bbe-130);padding-bottom:var(--wp--preset--spacing--bbe-130);background-size:cover;\">\n<div class=\"wp-block-wpbbe-simple-scroller alignwide wpbbe-simple-scroller nativeScroll wpbbe-8\">\n<div class=\"wp-block-group is-content-justification-space-between is-nowrap is-layout-flex wp-container-core-group-is-layout-ede0eabb wp-block-group-is-layout-flex\"><div class=\"wpbbe-svg-icon wpbbe-4 nsArrow nsLeftArrow wp-block-wpbbe-simple-scroller-arrow-left has-border-color has-bbe-primary-400-border-color wpbbe__flex-item-prevent-shrinking wpbbe-visibility-visible wpbbe-visibility-breakpoint-tablet\"><div class=\"svg-wrapper\"><?xml version=\"1.0\" encoding=\"UTF-8\"?> <svg xmlns=\"http:\/\/www.w3.org\/2000\/svg\" width=\"32\" height=\"32\" viewBox=\"0 0 32 32\"><path d=\"M9.293 20.708a1 1 0 0 0 1.415-1.415l-2.293-2.292H26a1 1 0 0 0 0-2H8.415l2.293-2.293a1 1 0 0 0-1.415-1.415l-4 4a.999.999 0 0 0 0 1.415l4 4Z\"><\/path><\/svg> <\/div> <\/div>\n\n<div tabindex=\"0\" class=\"nsContent wpbbe-5 wp-block-wpbbe-simple-scroller-content wp-container-content-c9763a5f\">\n\n<div class=\"wp-block-group wp-container-content-9cfa9a5a has-global-padding is-layout-constrained wp-container-core-group-is-layout-03173933 wp-block-group-is-layout-constrained\">\n<div class=\"wp-block-group is-vertical is-content-justification-center is-layout-flex wp-container-core-group-is-layout-ce155fab wp-block-group-is-layout-flex\">\n<figure class=\"wp-block-image size-large is-resized is-style-rounded is-style-rounded--4\"><img loading=\"lazy\" decoding=\"async\" width=\"644\" height=\"1024\" src=\"https:\/\/fallinkobido.plwp-content\/uploads\/2025\/11\/IMG_4835-644x1024.jpg\" alt=\"\" class=\"wp-image-19365\" style=\"object-fit:cover;width:86px;height:86px\" srcset=\"https:\/\/fallinkobido.pl\/wp-content\/uploads\/2025\/11\/IMG_4835-644x1024.jpg 644w, https:\/\/fallinkobido.pl\/wp-content\/uploads\/2025\/11\/IMG_4835-189x300.jpg 189w, https:\/\/fallinkobido.pl\/wp-content\/uploads\/2025\/11\/IMG_4835-768x1221.jpg 768w, https:\/\/fallinkobido.pl\/wp-content\/uploads\/2025\/11\/IMG_4835-966x1536.jpg 966w, https:\/\/fallinkobido.pl\/wp-content\/uploads\/2025\/11\/IMG_4835-1288x2048.jpg 1288w, https:\/\/fallinkobido.pl\/wp-content\/uploads\/2025\/11\/IMG_4835-scaled.jpg 1611w\" sizes=\"auto, (max-width: 644px) 100vw, 644px\" \/><\/figure>\n\n\n\n<h3 class=\"wp-block-heading has-text-align-center has-bbe-title-4-font-size\">Weronika Adamska<\/h3>\n<\/div>\n\n\n\n<p class=\"has-text-align-center has-bbe-neutral-800-color has-text-color has-link-color has-bbe-2-x-large-font-size wp-elements-c23c04b8622d42d52a70dc0bb8b551b2\" style=\"font-style:normal;font-weight:300;line-height:1.6\">Za\u0142o\u017cycielka Fall in Kobido.<br>&#8222;Ka\u017cdy ruch, dotyk nas\u0105czony jest ciep\u0142em, zrozumieniem i dobr\u0105 energi\u0105.<br>Spi\u0119te mi\u0119\u015bnie s\u0105 dla nas przekazem &#8211; czas zadba\u0107 o siebie.<br>Czasem jedyne czego potrzebujemy to zauwa\u017cenia, \u017ce dbanie o siebie to najwy\u017csza forma luksusu.&#8221;<\/p>\n<\/div>\n\n\n\n<div class=\"wp-block-group wp-container-content-9cfa9a5a has-global-padding is-layout-constrained wp-container-core-group-is-layout-03173933 wp-block-group-is-layout-constrained\">\n<div class=\"wp-block-group is-vertical is-content-justification-center is-layout-flex wp-container-core-group-is-layout-ce155fab wp-block-group-is-layout-flex\">\n<figure class=\"wp-block-image size-large is-resized is-style-rounded is-style-rounded--5\"><img loading=\"lazy\" decoding=\"async\" width=\"2400\" height=\"2400\" src=\"https:\/\/fallinkobido.plwp-content\/uploads\/2025\/03\/avatar-placeholder.svg\" alt=\"\" class=\"wp-image-9540\" style=\"object-fit:cover;width:86px;height:86px\"\/><\/figure>\n\n\n\n<h3 class=\"wp-block-heading has-text-align-center has-bbe-title-4-font-size\">Karolina<\/h3>\n<\/div>\n\n\n\n<p class=\"has-text-align-center has-bbe-neutral-800-color has-text-color has-link-color has-bbe-2-x-large-font-size wp-elements-c23c04b8622d42d52a70dc0bb8b551b2\" style=\"font-style:normal;font-weight:300;line-height:1.6\">&#8222;R\u00f3\u017cnych Kobido pr\u00f3bowa\u0142am, ale ten przewy\u017csza wszystkie.<br>Ogromne zaopiekowanie podczas zabiegu, niesamowicie przyjemna atmosfera ju\u017c od wej\u015bcia (zapach, o\u015bwietlenie, herbata), \u015bwietnie poprowadzony masa\u017c serdecznie polecam!&#8221;<br><br>&#8211; opinia z platformy rezerwacji Booksy<\/p>\n<\/div>\n\n\n\n<div class=\"wp-block-group wp-container-content-9cfa9a5a has-global-padding is-layout-constrained wp-container-core-group-is-layout-03173933 wp-block-group-is-layout-constrained\">\n<div class=\"wp-block-group is-vertical is-content-justification-center is-layout-flex wp-container-core-group-is-layout-ce155fab wp-block-group-is-layout-flex\">\n<figure class=\"wp-block-image size-large is-resized is-style-rounded is-style-rounded--6\"><img loading=\"lazy\" decoding=\"async\" width=\"2400\" height=\"2400\" src=\"https:\/\/fallinkobido.plwp-content\/uploads\/2025\/03\/avatar-placeholder.svg\" alt=\"\" class=\"wp-image-9540\" style=\"object-fit:cover;width:86px;height:86px\"\/><\/figure>\n\n\n\n<h3 class=\"wp-block-heading has-text-align-center has-bbe-title-4-font-size\">Joanna<\/h3>\n<\/div>\n\n\n\n<p class=\"has-text-align-center has-bbe-neutral-800-color has-text-color has-link-color has-bbe-2-x-large-font-size wp-elements-c23c04b8622d42d52a70dc0bb8b551b2\" style=\"font-style:normal;font-weight:300;line-height:1.6\">&#8222;Wspania\u0142y masa\u017c wykonany z trosk\u0105 i uwa\u017cno\u015bci\u0105.<br>Twarz jest wyg\u0142adzona i promienna.<br>Przyjemny efekt rozlu\u017anienia.<br>Bardzo przyjazna atmosfera&#8221;<br><br>-opinia z platformy rezerwacji Booksy<\/p>\n<\/div>\n\n\n\n<div class=\"wp-block-group wp-container-content-9cfa9a5a has-global-padding is-layout-constrained wp-container-core-group-is-layout-03173933 wp-block-group-is-layout-constrained\">\n<div class=\"wp-block-group is-vertical is-content-justification-center is-layout-flex wp-container-core-group-is-layout-ce155fab wp-block-group-is-layout-flex\">\n<figure class=\"wp-block-image size-large is-resized is-style-rounded is-style-rounded--7\"><img loading=\"lazy\" decoding=\"async\" width=\"2400\" height=\"2400\" src=\"https:\/\/fallinkobido.plwp-content\/uploads\/2025\/03\/avatar-placeholder.svg\" alt=\"\" class=\"wp-image-9540\" style=\"object-fit:cover;width:86px;height:86px\"\/><\/figure>\n\n\n\n<h3 class=\"wp-block-heading has-text-align-center has-bbe-title-4-font-size\"> Kinga<\/h3>\n<\/div>\n\n\n\n<p class=\"has-text-align-center has-bbe-neutral-800-color has-text-color has-link-color has-bbe-2-x-large-font-size wp-elements-c23c04b8622d42d52a70dc0bb8b551b2\" style=\"font-style:normal;font-weight:300;line-height:1.6\">&#8222;Polecam serdecznie Weronik\u0119!<br>Ma niesamowity dar w r\u0119kach, po serii masa\u017cu kobido czuj\u0119 si\u0119 jak nowonarodzona.<br>Weronika wprowadza niesamowit\u0105 atmosfer\u0119 podczas spotkania, czu\u0142am si\u0119 bardzo komfortowo i bezpiecznie, polecam skorzysta\u0107 z zabiegu u Weroniki ka\u017cdemu, kto na co dzie\u0144 do\u015bwiadcza du\u017co steru, kt\u00f3ry gromadzi si\u0119 w barkach i g\u0142owie, niesamowita ulga &lt;3&#8243;<\/p>\n<\/div>\n\n\n\n<div class=\"wp-block-group wp-container-content-9cfa9a5a has-global-padding is-layout-constrained wp-container-core-group-is-layout-03173933 wp-block-group-is-layout-constrained\">\n<div class=\"wp-block-group is-vertical is-content-justification-center is-layout-flex wp-container-core-group-is-layout-ce155fab wp-block-group-is-layout-flex\">\n<figure class=\"wp-block-image size-large is-resized is-style-rounded is-style-rounded--8\"><img loading=\"lazy\" decoding=\"async\" width=\"2400\" height=\"2400\" src=\"https:\/\/fallinkobido.plwp-content\/uploads\/2025\/03\/avatar-placeholder.svg\" alt=\"\" class=\"wp-image-9540\" style=\"object-fit:cover;width:86px;height:86px\"\/><\/figure>\n\n\n\n<h3 class=\"wp-block-heading has-text-align-center has-bbe-title-4-font-size\"> Anna<\/h3>\n<\/div>\n\n\n\n<p class=\"has-text-align-center has-bbe-neutral-800-color has-text-color has-link-color has-bbe-2-x-large-font-size wp-elements-c23c04b8622d42d52a70dc0bb8b551b2\" style=\"font-style:normal;font-weight:300;line-height:1.6\">&#8222;Bardzo polecam!<br>Fantastyczny masa\u017c, z wielk\u0105 dba\u0142o\u015bci\u0105 o ka\u017cdy detal.<br>pe\u0142en relaks i pi\u0119kny efekt w postaci promiennej cery!&#8221;<\/p>\n<\/div>\n\n<\/div>\n\n<div class=\"wpbbe-svg-icon wpbbe-6 nsArrow nsRightArrow wp-block-wpbbe-simple-scroller-arrow-right has-border-color has-bbe-primary-400-border-color wpbbe__flex-item-prevent-shrinking wpbbe-visibility-visible wpbbe-visibility-breakpoint-tablet\"><div class=\"svg-wrapper\"><?xml version=\"1.0\" encoding=\"UTF-8\"?> <svg xmlns=\"http:\/\/www.w3.org\/2000\/svg\" width=\"32\" height=\"32\" viewBox=\"0 0 32 32\"><path d=\"M22.707 20.708a1 1 0 0 1-1.415-1.415l2.293-2.292H6a1 1 0 0 1 0-2h17.586l-2.293-2.293a1 1 0 0 1 1.415-1.415l4 4a1 1 0 0 1 0 1.415l-4 4Z\"><\/path><\/svg> <\/div> <\/div><\/div>\n\n\n\t\t<div class=\"nsProgressTrackWrapper wpbbe-7 wp-block-wpbbe-simple-scroller-indicator\">\n\t\t\t<div class=\"nsProgressTrack\">\n\t\t\t\t<div class=\"nsProgressIndicator\"><\/div>\n\t\t\t<\/div>\n\t\t<\/div>\n\t\t<\/div>\n<\/div>\n\n\n\n<div class=\"wp-block-group alignfull is-content-justification-space-between is-nowrap is-layout-flex wp-container-core-group-is-layout-16b91ca5 wp-block-group-is-layout-flex wpbbe-10\" style=\"padding-right:0;padding-left:0\">\n<div class=\"wp-block-group wp-container-content-0733e5d0 is-vertical is-content-justification-stretch is-layout-flex wp-container-core-group-is-layout-32dfcbd2 wp-block-group-is-layout-flex has-background wpbbe__flex-item-prevent-shrinking wpbbe-9\" style=\"border-bottom-left-radius:0px;min-height:300px;padding-top:0;padding-right:0;padding-bottom:0;padding-left:0;background-image:url(&apos;https:\/\/fallinkobido.plwp-content\/uploads\/2025\/10\/Slide-3_4-_-1.webp&apos;);background-position:60% 50%;background-size:cover;\"><\/div>\n<\/div>\n\n\n\n<p><\/p>\n","protected":false},"excerpt":{"rendered":"<p>KOBIDO Masa\u017c, kt\u00f3ry sprawia, \u017ce twarz przestaje opowiada\u0107 histori\u0119 zm\u0119czenia, a zaczyna opowiada\u0107 histori\u0119 troski o siebie. Kobido to zaawansowana technika japo\u0144skiego masa\u017cu twarzy, kt\u00f3ra \u0142\u0105czy precyzyjne, szybkie i g\u0142\u0119bokie ruchy z elementami relaksacyjnymi. Masa\u017c nie obejmuje tylko powierzchni sk\u00f3ry, ale r\u00f3wnie\u017c praca na mi\u0119\u015bniach i powi\u0119ziach, dzi\u0119ki czemu wp\u0142ywa na naturalne uniesienie tkanek, popraw\u0119 [&hellip;]<\/p>\n","protected":false},"author":1,"featured_media":18069,"parent":25,"menu_order":30,"comment_status":"closed","ping_status":"closed","template":"wp-custom-template-canvas-with-title","meta":{"footnotes":""},"class_list":["post-1068","page","type-page","status-publish","has-post-thumbnail","hentry"],"_links":{"self":[{"href":"https:\/\/fallinkobido.pl\/index.php\/wp-json\/wp\/v2\/pages\/1068","targetHints":{"allow":["GET"]}}],"collection":[{"href":"https:\/\/fallinkobido.pl\/index.php\/wp-json\/wp\/v2\/pages"}],"about":[{"href":"https:\/\/fallinkobido.pl\/index.php\/wp-json\/wp\/v2\/types\/page"}],"author":[{"embeddable":true,"href":"https:\/\/fallinkobido.pl\/index.php\/wp-json\/wp\/v2\/users\/1"}],"replies":[{"embeddable":true,"href":"https:\/\/fallinkobido.pl\/index.php\/wp-json\/wp\/v2\/comments?post=1068"}],"version-history":[{"count":15,"href":"https:\/\/fallinkobido.pl\/index.php\/wp-json\/wp\/v2\/pages\/1068\/revisions"}],"predecessor-version":[{"id":19511,"href":"https:\/\/fallinkobido.pl\/index.php\/wp-json\/wp\/v2\/pages\/1068\/revisions\/19511"}],"up":[{"embeddable":true,"href":"https:\/\/fallinkobido.pl\/index.php\/wp-json\/wp\/v2\/pages\/25"}],"wp:featuredmedia":[{"embeddable":true,"href":"https:\/\/fallinkobido.pl\/index.php\/wp-json\/wp\/v2\/media\/18069"}],"wp:attachment":[{"href":"https:\/\/fallinkobido.pl\/index.php\/wp-json\/wp\/v2\/media?parent=1068"}],"curies":[{"name":"wp","href":"https:\/\/api.w.org\/{rel}","templated":true}]}}